{"id":82,"date":"2019-01-09T19:06:00","date_gmt":"2019-01-09T17:06:00","guid":{"rendered":"https:\/\/porkkalanputki.fi\/web\/?page_id=82"},"modified":"2019-01-09T19:06:04","modified_gmt":"2019-01-09T17:06:04","slug":"twitch","status":"publish","type":"page","link":"https:\/\/porkkalanputki.fi\/web\/twitch\/","title":{"rendered":"Twitch"},"content":{"rendered":"","protected":false},"excerpt":{"rendered":"","protected":false},"author":1,"featured_media":0,"parent":0,"menu_order":0,"comment_status":"closed","ping_status":"closed","template":"","meta":{"spay_email":""},"yoast_head":"<!-- This site is optimized with the Yoast SEO plugin v18.1 - https:\/\/yoast.com\/wordpress\/plugins\/seo\/ -->\n<title>Twitch - Putkista nettiin<\/title>\n<meta name=\"robots\" content=\"index, follow, max-snippet:-1, max-image-preview:large, max-video-preview:-1\" \/>\n<link rel=\"canonical\" href=\"https:\/\/porkkalanputki.fi\/web\/twitch\/\" \/>\n<meta property=\"og:locale\" content=\"fi_FI\" \/>\n<meta property=\"og:type\" content=\"article\" \/>\n<meta property=\"og:title\" content=\"Twitch - Putkista nettiin\" \/>\n<meta property=\"og:url\" content=\"https:\/\/porkkalanputki.fi\/web\/twitch\/\" \/>\n<meta property=\"og:site_name\" content=\"Putkista nettiin\" \/>\n<meta property=\"article:modified_time\" content=\"2019-01-09T17:06:04+00:00\" \/>\n<meta name=\"twitter:card\" content=\"summary_large_image\" \/>\n<script type=\"application\/ld+json\" class=\"yoast-schema-graph\">{\"@context\":\"https:\/\/schema.org\",\"@graph\":[{\"@type\":\"WebSite\",\"@id\":\"https:\/\/porkkalanputki.fi\/web\/#website\",\"url\":\"https:\/\/porkkalanputki.fi\/web\/\",\"name\":\"Putkista nettiin\",\"description\":\"Nykyajan juttuja rahasta\",\"potentialAction\":[{\"@type\":\"SearchAction\",\"target\":{\"@type\":\"EntryPoint\",\"urlTemplate\":\"https:\/\/porkkalanputki.fi\/web\/?s={search_term_string}\"},\"query-input\":\"required name=search_term_string\"}],\"inLanguage\":\"fi\"},{\"@type\":\"WebPage\",\"@id\":\"https:\/\/porkkalanputki.fi\/web\/twitch\/#webpage\",\"url\":\"https:\/\/porkkalanputki.fi\/web\/twitch\/\",\"name\":\"Twitch - Putkista nettiin\",\"isPartOf\":{\"@id\":\"https:\/\/porkkalanputki.fi\/web\/#website\"},\"datePublished\":\"2019-01-09T17:06:00+00:00\",\"dateModified\":\"2019-01-09T17:06:04+00:00\",\"breadcrumb\":{\"@id\":\"https:\/\/porkkalanputki.fi\/web\/twitch\/#breadcrumb\"},\"inLanguage\":\"fi\",\"potentialAction\":[{\"@type\":\"ReadAction\",\"target\":[\"https:\/\/porkkalanputki.fi\/web\/twitch\/\"]}]},{\"@type\":\"BreadcrumbList\",\"@id\":\"https:\/\/porkkalanputki.fi\/web\/twitch\/#breadcrumb\",\"itemListElement\":[{\"@type\":\"ListItem\",\"position\":1,\"name\":\"Home\",\"item\":\"https:\/\/porkkalanputki.fi\/web\/\"},{\"@type\":\"ListItem\",\"position\":2,\"name\":\"Twitch\"}]}]}<\/script>\n<!-- \/ Yoast SEO plugin. -->","yoast_head_json":{"title":"Twitch - Putkista nettiin","robots":{"index":"index","follow":"follow","max-snippet":"max-snippet:-1","max-image-preview":"max-image-preview:large","max-video-preview":"max-video-preview:-1"},"canonical":"https:\/\/porkkalanputki.fi\/web\/twitch\/","og_locale":"fi_FI","og_type":"article","og_title":"Twitch - Putkista nettiin","og_url":"https:\/\/porkkalanputki.fi\/web\/twitch\/","og_site_name":"Putkista nettiin","article_modified_time":"2019-01-09T17:06:04+00:00","twitter_card":"summary_large_image","schema":{"@context":"https:\/\/schema.org","@graph":[{"@type":"WebSite","@id":"https:\/\/porkkalanputki.fi\/web\/#website","url":"https:\/\/porkkalanputki.fi\/web\/","name":"Putkista nettiin","description":"Nykyajan juttuja rahasta","potentialAction":[{"@type":"SearchAction","target":{"@type":"EntryPoint","urlTemplate":"https:\/\/porkkalanputki.fi\/web\/?s={search_term_string}"},"query-input":"required name=search_term_string"}],"inLanguage":"fi"},{"@type":"WebPage","@id":"https:\/\/porkkalanputki.fi\/web\/twitch\/#webpage","url":"https:\/\/porkkalanputki.fi\/web\/twitch\/","name":"Twitch - Putkista nettiin","isPartOf":{"@id":"https:\/\/porkkalanputki.fi\/web\/#website"},"datePublished":"2019-01-09T17:06:00+00:00","dateModified":"2019-01-09T17:06:04+00:00","breadcrumb":{"@id":"https:\/\/porkkalanputki.fi\/web\/twitch\/#breadcrumb"},"inLanguage":"fi","potentialAction":[{"@type":"ReadAction","target":["https:\/\/porkkalanputki.fi\/web\/twitch\/"]}]},{"@type":"BreadcrumbList","@id":"https:\/\/porkkalanputki.fi\/web\/twitch\/#breadcrumb","itemListElement":[{"@type":"ListItem","position":1,"name":"Home","item":"https:\/\/porkkalanputki.fi\/web\/"},{"@type":"ListItem","position":2,"name":"Twitch"}]}]}},"jetpack_sharing_enabled":true,"jetpack_shortlink":"https:\/\/wp.me\/PaBfjx-1k","jetpack-related-posts":[{"id":76,"url":"https:\/\/porkkalanputki.fi\/web\/striimaus\/","url_meta":{"origin":82,"position":0},"title":"Striimaus","date":"09\/01\/2019","format":false,"excerpt":"Striimaus eli streaming eli suoratoisto kuten YouTube tai Twitch kanavat. Striimaus on yksinkertaisimmillaan videokuvan ja \u00e4\u00e4nen v\u00e4litt\u00e4mist\u00e4 eteenp\u00e4in tietoverkoissa. Suomenkielinen vastine \u2019suoratoisto\u2019 kuvastaa striimausta hyvin, sill\u00e4 se erottaa striimauksen tiedoston lataamisesta. Yksinkertaistettuna ero on siin\u00e4, ett\u00e4 videon katselu voidaan aloittaa, vaikka vain pieni osa aineistosta on v\u00e4litetty katsojalle. Siihen yksinkertaisuus\u2026","rel":"","context":"Samankaltainen artikkeli","img":{"alt_text":"","src":"","width":0,"height":0},"classes":[]}],"rttpg_featured_image_url":null,"rttpg_author":{"display_name":"admin","author_link":"https:\/\/porkkalanputki.fi\/web\/author\/putkipomo\/"},"rttpg_comment":0,"rttpg_category":null,"rttpg_excerpt":null,"_links":{"self":[{"href":"https:\/\/porkkalanputki.fi\/web\/wp-json\/wp\/v2\/pages\/82"}],"collection":[{"href":"https:\/\/porkkalanputki.fi\/web\/wp-json\/wp\/v2\/pages"}],"about":[{"href":"https:\/\/porkkalanputki.fi\/web\/wp-json\/wp\/v2\/types\/page"}],"author":[{"embeddable":true,"href":"https:\/\/porkkalanputki.fi\/web\/wp-json\/wp\/v2\/users\/1"}],"replies":[{"embeddable":true,"href":"https:\/\/porkkalanputki.fi\/web\/wp-json\/wp\/v2\/comments?post=82"}],"version-history":[{"count":1,"href":"https:\/\/porkkalanputki.fi\/web\/wp-json\/wp\/v2\/pages\/82\/revisions"}],"predecessor-version":[{"id":84,"href":"https:\/\/porkkalanputki.fi\/web\/wp-json\/wp\/v2\/pages\/82\/revisions\/84"}],"wp:attachment":[{"href":"https:\/\/porkkalanputki.fi\/web\/wp-json\/wp\/v2\/media?parent=82"}],"curies":[{"name":"wp","href":"https:\/\/api.w.org\/{rel}","templated":true}]}}