{"id":8,"date":"2019-01-09T11:14:52","date_gmt":"2019-01-09T09:14:52","guid":{"rendered":"https:\/\/porkkalanputki.fi\/web\/?page_id=8"},"modified":"2019-01-09T11:14:52","modified_gmt":"2019-01-09T09:14:52","slug":"porkkalan-putki","status":"publish","type":"page","link":"https:\/\/porkkalanputki.fi\/web\/porkkalan-putki\/","title":{"rendered":"Porkkalan putki"},"content":{"rendered":"<p>Porkkalan Putken toiminta p\u00e4\u00e4ttyi 2018. T\u00e4m\u00e4 sivusto jatkaa eloaan, mutta sis\u00e4lt\u00f6 ei varsinaisesti en\u00e4\u00e4 liitty putkihuoltoon eik\u00e4 varsinkaan Porkkalan Putken toimintaan.<\/p>\n","protected":false},"excerpt":{"rendered":"<p>Porkkalan Putken toiminta p\u00e4\u00e4ttyi 2018. T\u00e4m\u00e4 sivusto jatkaa eloaan, mutta sis\u00e4lt\u00f6 ei varsinaisesti en\u00e4\u00e4 liitty putkihuoltoon eik\u00e4 varsinkaan Porkkalan Putken toimintaan.<\/p>\n","protected":false},"author":1,"featured_media":0,"parent":0,"menu_order":0,"comment_status":"closed","ping_status":"closed","template":"","meta":{"spay_email":""},"yoast_head":"<!-- This site is optimized with the Yoast SEO plugin v18.1 - https:\/\/yoast.com\/wordpress\/plugins\/seo\/ -->\n<title>Porkkalan putki - Putkista nettiin<\/title>\n<meta name=\"robots\" content=\"index, follow, max-snippet:-1, max-image-preview:large, max-video-preview:-1\" \/>\n<link rel=\"canonical\" href=\"https:\/\/porkkalanputki.fi\/web\/porkkalan-putki\/\" \/>\n<meta property=\"og:locale\" content=\"fi_FI\" \/>\n<meta property=\"og:type\" content=\"article\" \/>\n<meta property=\"og:title\" content=\"Porkkalan putki - Putkista nettiin\" \/>\n<meta property=\"og:description\" content=\"Porkkalan Putken toiminta p\u00e4\u00e4ttyi 2018. T\u00e4m\u00e4 sivusto jatkaa eloaan, mutta sis\u00e4lt\u00f6 ei varsinaisesti en\u00e4\u00e4 liitty putkihuoltoon eik\u00e4 varsinkaan Porkkalan Putken toimintaan.\" \/>\n<meta property=\"og:url\" content=\"https:\/\/porkkalanputki.fi\/web\/porkkalan-putki\/\" \/>\n<meta property=\"og:site_name\" content=\"Putkista nettiin\" \/>\n<meta name=\"twitter:card\" content=\"summary_large_image\" \/>\n<script type=\"application\/ld+json\" class=\"yoast-schema-graph\">{\"@context\":\"https:\/\/schema.org\",\"@graph\":[{\"@type\":\"WebSite\",\"@id\":\"https:\/\/porkkalanputki.fi\/web\/#website\",\"url\":\"https:\/\/porkkalanputki.fi\/web\/\",\"name\":\"Putkista nettiin\",\"description\":\"Nykyajan juttuja rahasta\",\"potentialAction\":[{\"@type\":\"SearchAction\",\"target\":{\"@type\":\"EntryPoint\",\"urlTemplate\":\"https:\/\/porkkalanputki.fi\/web\/?s={search_term_string}\"},\"query-input\":\"required name=search_term_string\"}],\"inLanguage\":\"fi\"},{\"@type\":\"WebPage\",\"@id\":\"https:\/\/porkkalanputki.fi\/web\/porkkalan-putki\/#webpage\",\"url\":\"https:\/\/porkkalanputki.fi\/web\/porkkalan-putki\/\",\"name\":\"Porkkalan putki - Putkista nettiin\",\"isPartOf\":{\"@id\":\"https:\/\/porkkalanputki.fi\/web\/#website\"},\"datePublished\":\"2019-01-09T09:14:52+00:00\",\"dateModified\":\"2019-01-09T09:14:52+00:00\",\"breadcrumb\":{\"@id\":\"https:\/\/porkkalanputki.fi\/web\/porkkalan-putki\/#breadcrumb\"},\"inLanguage\":\"fi\",\"potentialAction\":[{\"@type\":\"ReadAction\",\"target\":[\"https:\/\/porkkalanputki.fi\/web\/porkkalan-putki\/\"]}]},{\"@type\":\"BreadcrumbList\",\"@id\":\"https:\/\/porkkalanputki.fi\/web\/porkkalan-putki\/#breadcrumb\",\"itemListElement\":[{\"@type\":\"ListItem\",\"position\":1,\"name\":\"Home\",\"item\":\"https:\/\/porkkalanputki.fi\/web\/\"},{\"@type\":\"ListItem\",\"position\":2,\"name\":\"Porkkalan putki\"}]}]}<\/script>\n<!-- \/ Yoast SEO plugin. -->","yoast_head_json":{"title":"Porkkalan putki - Putkista nettiin","robots":{"index":"index","follow":"follow","max-snippet":"max-snippet:-1","max-image-preview":"max-image-preview:large","max-video-preview":"max-video-preview:-1"},"canonical":"https:\/\/porkkalanputki.fi\/web\/porkkalan-putki\/","og_locale":"fi_FI","og_type":"article","og_title":"Porkkalan putki - Putkista nettiin","og_description":"Porkkalan Putken toiminta p\u00e4\u00e4ttyi 2018. T\u00e4m\u00e4 sivusto jatkaa eloaan, mutta sis\u00e4lt\u00f6 ei varsinaisesti en\u00e4\u00e4 liitty putkihuoltoon eik\u00e4 varsinkaan Porkkalan Putken toimintaan.","og_url":"https:\/\/porkkalanputki.fi\/web\/porkkalan-putki\/","og_site_name":"Putkista nettiin","twitter_card":"summary_large_image","schema":{"@context":"https:\/\/schema.org","@graph":[{"@type":"WebSite","@id":"https:\/\/porkkalanputki.fi\/web\/#website","url":"https:\/\/porkkalanputki.fi\/web\/","name":"Putkista nettiin","description":"Nykyajan juttuja rahasta","potentialAction":[{"@type":"SearchAction","target":{"@type":"EntryPoint","urlTemplate":"https:\/\/porkkalanputki.fi\/web\/?s={search_term_string}"},"query-input":"required name=search_term_string"}],"inLanguage":"fi"},{"@type":"WebPage","@id":"https:\/\/porkkalanputki.fi\/web\/porkkalan-putki\/#webpage","url":"https:\/\/porkkalanputki.fi\/web\/porkkalan-putki\/","name":"Porkkalan putki - Putkista nettiin","isPartOf":{"@id":"https:\/\/porkkalanputki.fi\/web\/#website"},"datePublished":"2019-01-09T09:14:52+00:00","dateModified":"2019-01-09T09:14:52+00:00","breadcrumb":{"@id":"https:\/\/porkkalanputki.fi\/web\/porkkalan-putki\/#breadcrumb"},"inLanguage":"fi","potentialAction":[{"@type":"ReadAction","target":["https:\/\/porkkalanputki.fi\/web\/porkkalan-putki\/"]}]},{"@type":"BreadcrumbList","@id":"https:\/\/porkkalanputki.fi\/web\/porkkalan-putki\/#breadcrumb","itemListElement":[{"@type":"ListItem","position":1,"name":"Home","item":"https:\/\/porkkalanputki.fi\/web\/"},{"@type":"ListItem","position":2,"name":"Porkkalan putki"}]}]}},"jetpack_sharing_enabled":true,"jetpack_shortlink":"https:\/\/wp.me\/PaBfjx-8","jetpack-related-posts":[],"rttpg_featured_image_url":null,"rttpg_author":{"display_name":"admin","author_link":"https:\/\/porkkalanputki.fi\/web\/author\/putkipomo\/"},"rttpg_comment":0,"rttpg_category":null,"rttpg_excerpt":"Porkkalan Putken toiminta p\u00e4\u00e4ttyi 2018. T\u00e4m\u00e4 sivusto jatkaa eloaan, mutta sis\u00e4lt\u00f6 ei varsinaisesti en\u00e4\u00e4 liitty putkihuoltoon eik\u00e4 varsinkaan Porkkalan Putken toimintaan.","_links":{"self":[{"href":"https:\/\/porkkalanputki.fi\/web\/wp-json\/wp\/v2\/pages\/8"}],"collection":[{"href":"https:\/\/porkkalanputki.fi\/web\/wp-json\/wp\/v2\/pages"}],"about":[{"href":"https:\/\/porkkalanputki.fi\/web\/wp-json\/wp\/v2\/types\/page"}],"author":[{"embeddable":true,"href":"https:\/\/porkkalanputki.fi\/web\/wp-json\/wp\/v2\/users\/1"}],"replies":[{"embeddable":true,"href":"https:\/\/porkkalanputki.fi\/web\/wp-json\/wp\/v2\/comments?post=8"}],"version-history":[{"count":1,"href":"https:\/\/porkkalanputki.fi\/web\/wp-json\/wp\/v2\/pages\/8\/revisions"}],"predecessor-version":[{"id":9,"href":"https:\/\/porkkalanputki.fi\/web\/wp-json\/wp\/v2\/pages\/8\/revisions\/9"}],"wp:attachment":[{"href":"https:\/\/porkkalanputki.fi\/web\/wp-json\/wp\/v2\/media?parent=8"}],"curies":[{"name":"wp","href":"https:\/\/api.w.org\/{rel}","templated":true}]}}