{"id":79,"date":"2019-01-09T19:05:43","date_gmt":"2019-01-09T17:05:43","guid":{"rendered":"https:\/\/porkkalanputki.fi\/web\/?page_id=79"},"modified":"2020-10-28T09:54:00","modified_gmt":"2020-10-28T07:54:00","slug":"youtube","status":"publish","type":"page","link":"https:\/\/porkkalanputki.fi\/web\/youtube\/","title":{"rendered":"YouTube"},"content":{"rendered":"\n<figure class=\"wp-block-image size-large\"><img data-attachment-id=\"247\" data-permalink=\"https:\/\/porkkalanputki.fi\/web\/youtube\/jalkapalloa\/\" data-orig-file=\"https:\/\/i0.wp.com\/porkkalanputki.fi\/web\/wp-content\/uploads\/2020\/10\/jalkapalloa.jpg?fit=800%2C450&amp;ssl=1\" data-orig-size=\"800,450\" data-comments-opened=\"1\" data-image-meta=\"{&quot;aperture&quot;:&quot;0&quot;,&quot;credit&quot;:&quot;&quot;,&quot;camera&quot;:&quot;&quot;,&quot;caption&quot;:&quot;&quot;,&quot;created_timestamp&quot;:&quot;0&quot;,&quot;copyright&quot;:&quot;&quot;,&quot;focal_length&quot;:&quot;0&quot;,&quot;iso&quot;:&quot;0&quot;,&quot;shutter_speed&quot;:&quot;0&quot;,&quot;title&quot;:&quot;&quot;,&quot;orientation&quot;:&quot;0&quot;}\" data-image-title=\"jalkapalloa\" data-image-description=\"\" data-image-caption=\"\" data-medium-file=\"https:\/\/i0.wp.com\/porkkalanputki.fi\/web\/wp-content\/uploads\/2020\/10\/jalkapalloa.jpg?fit=300%2C169&amp;ssl=1\" data-large-file=\"https:\/\/i0.wp.com\/porkkalanputki.fi\/web\/wp-content\/uploads\/2020\/10\/jalkapalloa.jpg?fit=800%2C450&amp;ssl=1\" loading=\"lazy\" width=\"800\" height=\"450\" src=\"https:\/\/i0.wp.com\/porkkalanputki.fi\/web\/wp-content\/uploads\/2020\/10\/jalkapalloa.jpg?resize=800%2C450&#038;ssl=1\" alt=\"\" class=\"wp-image-247\" srcset=\"https:\/\/i0.wp.com\/porkkalanputki.fi\/web\/wp-content\/uploads\/2020\/10\/jalkapalloa.jpg?w=2000&amp;ssl=1 2000w, https:\/\/i0.wp.com\/porkkalanputki.fi\/web\/wp-content\/uploads\/2020\/10\/jalkapalloa.jpg?w=3000&amp;ssl=1 3000w\" sizes=\"(max-width: 800px) 100vw, 800px\" data-recalc-dims=\"1\" \/><\/figure>\n\n\n\n<p>YouTube on yh\u00e4 se suurin ja katsotuin sek\u00e4 ladatuin paikka kotivideoille ja paljon muullekin jo nyky\u00e4\u00e4n. YouTube tarjoaa paljon my\u00f6s vedonly\u00f6nnist\u00e4 kiinnostuneille ja muille pelaamisen yst\u00e4ville. <\/p>\n\n\n\n<h3>Esimerkki 1<\/h3>\n\n\n\n<iframe loading=\"lazy\" width=\"560\" height=\"315\" src=\"https:\/\/www.youtube.com\/embed\/iL4rmbwFwEY\" frameborder=\"0\" allow=\"accelerometer; autoplay; clipboard-write; encrypted-media; gyroscope; picture-in-picture\" allowfullscreen><\/iframe>\n\n\n\n<p>On sitten kyse livepelaamisesta tai pitk\u00e4vedosta, aina jos aiot pelata isommalla raham\u00e4\u00e4r\u00e4ll\u00e4, on hyv\u00e4 mietti\u00e4 sit\u00e4 omaa taktiikkaa ja ennenkaikkea sit\u00e4 omaa pelibudjettia, ilman budjettia ei kannata l\u00e4hte\u00e4 pelaamaan muuten kuin satunnaisessa viihdemieless\u00e4.<\/p>\n\n\n\n<p>Pelaamisesta sinulle kertoo enemm\u00e4n my\u00f6s suomalainen <a href=\"https:\/\/pivekunkku.com\/\" target=\"_blank\" rel=\"noreferrer noopener\">pivekunkku<\/a>, sivusto, joka antaa l\u00e4hes p\u00e4ivitt\u00e4isi\u00e4 vinkkej\u00e4 pitk\u00e4vetoon ja sis\u00e4lt\u00e4\u00e4 paljon muutakin liittyen rahapelaamiseen.<\/p>\n\n\n\n<p>Urheiluvedonly\u00f6nti on parhaimmillaan harrastus tai jopa ammatti, joka tarjoaa urheilun seuraajille sen extra-tason siihen tavallisen urheilutapahtuman p\u00e4\u00e4lle. Sen lis\u00e4j\u00e4nnityksen tapahtuman lopputulosta odotellessa tai n\u00e4hdess\u00e4si ratkaisumaalin syntyv\u00e4n.<\/p>\n\n\n\n<h3>Esimerkki 2<\/h3>\n\n\n\n<iframe loading=\"lazy\" width=\"560\" height=\"315\" src=\"https:\/\/www.youtube.com\/embed\/t8ViRP2zZ3A\" frameborder=\"0\" allow=\"accelerometer; autoplay; clipboard-write; encrypted-media; gyroscope; picture-in-picture\" allowfullscreen><\/iframe>\n\n\n\n<p>YouTuben maailma pit\u00e4\u00e4 sis\u00e4ll\u00e4\u00e4n paljon hyv\u00e4\u00e4 sis\u00e4lt\u00f6\u00e4 monella eri kielell\u00e4. Ja jos suinkin itsell\u00e4si p\u00e4\u00e4 kest\u00e4\u00e4 ja ymm\u00e4rr\u00e4t hyvin muita kieli\u00e4, kannattaa tehd\u00e4 sis\u00e4lt\u00f6hakuja my\u00f6s muuten kuin suomen tai englanninkielell\u00e4. Euroopassa livepelaaminen on niin suosittua, ett\u00e4 YouTubesta l\u00f6ytyy varmasti paljon katseltavaa ja kuunneltavaa.<\/p>\n\n\n\n<p>Euroopan rahapelimarkkinoilla aivan kuten maailmassa yleens\u00e4kin, nimenomaan urheilupelaaminen on se ykk\u00f6nen, siin\u00e4 liikkuvat isot rahat. Ja siksi esimerkiksi UEFA k\u00e4y jatkuvaa taistelua otteluiden j\u00e4rjest\u00e4mist\u00e4 vastaan. Otteluiden sis\u00e4ll\u00e4 saattaa tapahtua kummia jo maiden toiseksi korkeimmilla sarjatasoilla ja nimenomaan nyky\u00e4\u00e4n livepelikohteissa.<\/p>\n\n\n\n<p>Jos pelaaja esimerkiksi jalkapallossa j\u00e4\u00e4 kiinni jostain t\u00e4llaisesta ottelun tai sen sis\u00e4isen tapahtuman j\u00e4rkk\u00e4\u00e4misest\u00e4, ei h\u00e4n en\u00e4\u00e4 koskaan voi pelata ammattilaisena, eik\u00e4 miss\u00e4\u00e4n sarjatasolla. Jos t\u00e4st\u00e4 haluaa kuunnella ja katsella l\u00e4hetyksi\u00e4 niin teemana on &#8221;match fixing&#8221;.<\/p>\n\n\n\n<h2>YouTube ja urheiluvedonly\u00f6nti<\/h2>\n\n\n\n<figure class=\"wp-block-image size-large\"><img data-attachment-id=\"248\" data-permalink=\"https:\/\/porkkalanputki.fi\/web\/youtube\/vedonlyonti\/\" data-orig-file=\"https:\/\/i0.wp.com\/porkkalanputki.fi\/web\/wp-content\/uploads\/2020\/10\/vedonlyonti.jpg?fit=700%2C420&amp;ssl=1\" data-orig-size=\"700,420\" data-comments-opened=\"1\" data-image-meta=\"{&quot;aperture&quot;:&quot;0&quot;,&quot;credit&quot;:&quot;&quot;,&quot;camera&quot;:&quot;&quot;,&quot;caption&quot;:&quot;&quot;,&quot;created_timestamp&quot;:&quot;0&quot;,&quot;copyright&quot;:&quot;&quot;,&quot;focal_length&quot;:&quot;0&quot;,&quot;iso&quot;:&quot;0&quot;,&quot;shutter_speed&quot;:&quot;0&quot;,&quot;title&quot;:&quot;&quot;,&quot;orientation&quot;:&quot;0&quot;}\" data-image-title=\"vedonlyonti\" data-image-description=\"\" data-image-caption=\"\" data-medium-file=\"https:\/\/i0.wp.com\/porkkalanputki.fi\/web\/wp-content\/uploads\/2020\/10\/vedonlyonti.jpg?fit=300%2C180&amp;ssl=1\" data-large-file=\"https:\/\/i0.wp.com\/porkkalanputki.fi\/web\/wp-content\/uploads\/2020\/10\/vedonlyonti.jpg?fit=700%2C420&amp;ssl=1\" loading=\"lazy\" width=\"700\" height=\"420\" src=\"https:\/\/i0.wp.com\/porkkalanputki.fi\/web\/wp-content\/uploads\/2020\/10\/vedonlyonti.jpg?resize=700%2C420&#038;ssl=1\" alt=\"\" class=\"wp-image-248\" srcset=\"https:\/\/i0.wp.com\/porkkalanputki.fi\/web\/wp-content\/uploads\/2020\/10\/vedonlyonti.jpg?w=2000&amp;ssl=1 2000w, https:\/\/i0.wp.com\/porkkalanputki.fi\/web\/wp-content\/uploads\/2020\/10\/vedonlyonti.jpg?w=3000&amp;ssl=1 3000w\" sizes=\"(max-width: 700px) 100vw, 700px\" data-recalc-dims=\"1\" \/><\/figure>\n\n\n\n<p>YouTube on enemm\u00e4n viihdekanava, kuin mit\u00e4\u00e4n muuta. Mutta sielt\u00e4 l\u00f6ytyy my\u00f6s paljon vinkkej\u00e4 urheilupelaamiseen, kuten yll\u00e4olevat esimerkit ja monet muut.<\/p>\n\n\n\n<p>Urheiluvedonly\u00f6nti on yhdistelm\u00e4 kertoimia, tietoa ja onnea. Voitot tulevat yleens\u00e4 pienist\u00e4 peleist\u00e4, joita on paljon. Jos pelaat vain omaksi viihteeksesi, ei sinun kannata alkaa opiskelemaan ja tekem\u00e4\u00e4n tilastoja, sill\u00e4 ne viev\u00e4t aikaasi todella paljon ja matematiikkaan saa perehty\u00e4 kunnolla, tai ainakin Excelin tyyppiseen taulukkolaskentaan. Silloinkin kun pelaat omaksi iloksesi ja viihteeksi, katso, ett\u00e4 sinulla on oikeasti omassa taloudessasi varaa h\u00e4vit\u00e4 se summa mit\u00e4 panostit &#8211; suosikkikaan ei nimitt\u00e4in voita aina.<\/p>\n\n\n\n<h2>Taktiset kuviot<\/h2>\n\n\n\n<p>Urheiluvedonly\u00f6nnin harrastamiseen ammattilaismieless\u00e4 on monta keinoa. Ja jos olet oikeasti siirtym\u00e4ss\u00e4 t\u00e4lle alalle, sinun kannattaa kuunnella enemm\u00e4nkin n\u00e4it\u00e4 eri videoita ja ime\u00e4 niist\u00e4 sek\u00e4 oppia ett\u00e4 varoituksia. Sinun ehk\u00e4 kannattaa tilata <a href=\"https:\/\/twitter.com\/ESBC_Vuoksenmaa\" target=\"_blank\" rel=\"noreferrer noopener\">Jorma Vuoksenmaan<\/a> kirjakin.<\/p>\n\n\n\n<p>Jorma Vuoksenmaa on eitt\u00e4m\u00e4tt\u00e4 Suomen kuuluisin urheiluvedonly\u00f6nnin ammattilainen ja h\u00e4nt\u00e4 kannattaa kuunnella ja h\u00e4nelt\u00e4 opetella. Saat samalla oppia siit\u00e4, ett\u00e4 l\u00e4hesk\u00e4\u00e4n jokainen veto ei osu, mutta matemaattisella mallilla pelatessa useimmiten tulee voittoja kuin tappioita. T\u00e4m\u00e4 johtaa pitk\u00e4ss\u00e4 juoksussa tuloksiin, mutta vaatii my\u00f6s pelaajalta paljon niin ajallisesti kuin rahallisesti.<\/p>\n\n\n\n<p>Toiset pelaajat luottavat tietoon, toiset matematiikkaan ja sitten on se 90% pelaajista, jotka vain pelaavat mutu-tiedon kautta ja siksi ne jotka oikeasti k\u00e4ytt\u00e4v\u00e4t analyyttisi\u00e4 ty\u00f6kaluja, l\u00f6yt\u00e4v\u00e4t ne voiton mahdollisuudet eri peliluokista ja eri maista.<\/p>\n\n\n\n<p>Urheiluvedonly\u00f6nniss\u00e4 nimitt\u00e4in kertoimet vaihtelevat operaattorilta toiselle. Jotkut operaattorit laskevat paljon tiukempia kertoimia, eli pienempi\u00e4 oman voiton marginaaleja kuin toiset. Suoranaisia v\u00e4\u00e4ri\u00e4 kertoimia ei nykyaikana en\u00e4\u00e4 paljon tapahdu, tai silloin on kyse uusista lajeista ja uusista kilpailijoista, joista ei ole tarpeeksi dataa saatavilla.<\/p>\n\n\n\n<p>Nykyaikaiset AI ratkaisut ja virtualisoinnit antavat operaattoreiden tietokonelle ja kertoimenasettajille avaimet sellaisiin kertoimiin, joilla operaattori tekee tulosta, mutta joita oikein lukemalla my\u00f6s ammattilainen vedonasettaja voi p\u00e4\u00e4st\u00e4 osingoille, eli voittaa.<\/p>\n","protected":false},"excerpt":{"rendered":"<p>YouTube on yh\u00e4 se suurin ja katsotuin sek\u00e4 ladatuin paikka kotivideoille ja paljon muullekin jo nyky\u00e4\u00e4n. YouTube tarjoaa paljon my\u00f6s vedonly\u00f6nnist\u00e4 kiinnostuneille ja muille pelaamisen yst\u00e4ville. Esimerkki 1 On sitten kyse livepelaamisesta tai pitk\u00e4vedosta, aina jos aiot pelata isommalla raham\u00e4\u00e4r\u00e4ll\u00e4, on hyv\u00e4 mietti\u00e4 sit\u00e4 omaa taktiikkaa ja ennenkaikkea sit\u00e4 omaa pelibudjettia, ilman budjettia ei kannata<br \/><a class=\"moretag\" href=\"https:\/\/porkkalanputki.fi\/web\/youtube\/\">+ Read More<\/a><\/p>\n","protected":false},"author":1,"featured_media":0,"parent":0,"menu_order":0,"comment_status":"closed","ping_status":"closed","template":"","meta":{"spay_email":""},"yoast_head":"<!-- This site is optimized with the Yoast SEO plugin v18.1 - https:\/\/yoast.com\/wordpress\/plugins\/seo\/ -->\n<title>YouTube - Putkista nettiin<\/title>\n<meta name=\"description\" content=\"YouTube on enemm\u00e4n viihdekanava, kuin mit\u00e4\u00e4n muuta. Mutta sielt\u00e4 l\u00f6ytyy my\u00f6s paljon vinkkej\u00e4 urheilupelaamiseen\" \/>\n<meta name=\"robots\" content=\"index, follow, max-snippet:-1, max-image-preview:large, max-video-preview:-1\" \/>\n<link rel=\"canonical\" href=\"https:\/\/porkkalanputki.fi\/web\/youtube\/\" \/>\n<meta property=\"og:locale\" content=\"fi_FI\" \/>\n<meta property=\"og:type\" content=\"article\" \/>\n<meta property=\"og:title\" content=\"YouTube - Putkista nettiin\" \/>\n<meta property=\"og:description\" content=\"YouTube on enemm\u00e4n viihdekanava, kuin mit\u00e4\u00e4n muuta. Mutta sielt\u00e4 l\u00f6ytyy my\u00f6s paljon vinkkej\u00e4 urheilupelaamiseen\" \/>\n<meta property=\"og:url\" content=\"https:\/\/porkkalanputki.fi\/web\/youtube\/\" \/>\n<meta property=\"og:site_name\" content=\"Putkista nettiin\" \/>\n<meta property=\"article:modified_time\" content=\"2020-10-28T07:54:00+00:00\" \/>\n<meta property=\"og:image\" content=\"https:\/\/porkkalanputki.fi\/web\/wp-content\/uploads\/2020\/10\/jalkapalloa.jpg\" \/>\n<meta name=\"twitter:card\" content=\"summary_large_image\" \/>\n<meta name=\"twitter:label1\" content=\"Arvioitu lukuaika\" \/>\n\t<meta name=\"twitter:data1\" content=\"3 minuuttia\" \/>\n<script type=\"application\/ld+json\" class=\"yoast-schema-graph\">{\"@context\":\"https:\/\/schema.org\",\"@graph\":[{\"@type\":\"WebSite\",\"@id\":\"https:\/\/porkkalanputki.fi\/web\/#website\",\"url\":\"https:\/\/porkkalanputki.fi\/web\/\",\"name\":\"Putkista nettiin\",\"description\":\"Nykyajan juttuja rahasta\",\"potentialAction\":[{\"@type\":\"SearchAction\",\"target\":{\"@type\":\"EntryPoint\",\"urlTemplate\":\"https:\/\/porkkalanputki.fi\/web\/?s={search_term_string}\"},\"query-input\":\"required name=search_term_string\"}],\"inLanguage\":\"fi\"},{\"@type\":\"ImageObject\",\"@id\":\"https:\/\/porkkalanputki.fi\/web\/youtube\/#primaryimage\",\"inLanguage\":\"fi\",\"url\":\"https:\/\/i0.wp.com\/porkkalanputki.fi\/web\/wp-content\/uploads\/2020\/10\/jalkapalloa.jpg?fit=800%2C450&ssl=1\",\"contentUrl\":\"https:\/\/i0.wp.com\/porkkalanputki.fi\/web\/wp-content\/uploads\/2020\/10\/jalkapalloa.jpg?fit=800%2C450&ssl=1\",\"width\":800,\"height\":450},{\"@type\":\"WebPage\",\"@id\":\"https:\/\/porkkalanputki.fi\/web\/youtube\/#webpage\",\"url\":\"https:\/\/porkkalanputki.fi\/web\/youtube\/\",\"name\":\"YouTube - Putkista nettiin\",\"isPartOf\":{\"@id\":\"https:\/\/porkkalanputki.fi\/web\/#website\"},\"primaryImageOfPage\":{\"@id\":\"https:\/\/porkkalanputki.fi\/web\/youtube\/#primaryimage\"},\"datePublished\":\"2019-01-09T17:05:43+00:00\",\"dateModified\":\"2020-10-28T07:54:00+00:00\",\"description\":\"YouTube on enemm\u00e4n viihdekanava, kuin mit\u00e4\u00e4n muuta. Mutta sielt\u00e4 l\u00f6ytyy my\u00f6s paljon vinkkej\u00e4 urheilupelaamiseen\",\"breadcrumb\":{\"@id\":\"https:\/\/porkkalanputki.fi\/web\/youtube\/#breadcrumb\"},\"inLanguage\":\"fi\",\"potentialAction\":[{\"@type\":\"ReadAction\",\"target\":[\"https:\/\/porkkalanputki.fi\/web\/youtube\/\"]}]},{\"@type\":\"BreadcrumbList\",\"@id\":\"https:\/\/porkkalanputki.fi\/web\/youtube\/#breadcrumb\",\"itemListElement\":[{\"@type\":\"ListItem\",\"position\":1,\"name\":\"Home\",\"item\":\"https:\/\/porkkalanputki.fi\/web\/\"},{\"@type\":\"ListItem\",\"position\":2,\"name\":\"YouTube\"}]}]}<\/script>\n<!-- \/ Yoast SEO plugin. -->","yoast_head_json":{"title":"YouTube - Putkista nettiin","description":"YouTube on enemm\u00e4n viihdekanava, kuin mit\u00e4\u00e4n muuta. Mutta sielt\u00e4 l\u00f6ytyy my\u00f6s paljon vinkkej\u00e4 urheilupelaamiseen","robots":{"index":"index","follow":"follow","max-snippet":"max-snippet:-1","max-image-preview":"max-image-preview:large","max-video-preview":"max-video-preview:-1"},"canonical":"https:\/\/porkkalanputki.fi\/web\/youtube\/","og_locale":"fi_FI","og_type":"article","og_title":"YouTube - Putkista nettiin","og_description":"YouTube on enemm\u00e4n viihdekanava, kuin mit\u00e4\u00e4n muuta. Mutta sielt\u00e4 l\u00f6ytyy my\u00f6s paljon vinkkej\u00e4 urheilupelaamiseen","og_url":"https:\/\/porkkalanputki.fi\/web\/youtube\/","og_site_name":"Putkista nettiin","article_modified_time":"2020-10-28T07:54:00+00:00","og_image":[{"url":"https:\/\/porkkalanputki.fi\/web\/wp-content\/uploads\/2020\/10\/jalkapalloa.jpg"}],"twitter_card":"summary_large_image","twitter_misc":{"Arvioitu lukuaika":"3 minuuttia"},"schema":{"@context":"https:\/\/schema.org","@graph":[{"@type":"WebSite","@id":"https:\/\/porkkalanputki.fi\/web\/#website","url":"https:\/\/porkkalanputki.fi\/web\/","name":"Putkista nettiin","description":"Nykyajan juttuja rahasta","potentialAction":[{"@type":"SearchAction","target":{"@type":"EntryPoint","urlTemplate":"https:\/\/porkkalanputki.fi\/web\/?s={search_term_string}"},"query-input":"required name=search_term_string"}],"inLanguage":"fi"},{"@type":"ImageObject","@id":"https:\/\/porkkalanputki.fi\/web\/youtube\/#primaryimage","inLanguage":"fi","url":"https:\/\/i0.wp.com\/porkkalanputki.fi\/web\/wp-content\/uploads\/2020\/10\/jalkapalloa.jpg?fit=800%2C450&ssl=1","contentUrl":"https:\/\/i0.wp.com\/porkkalanputki.fi\/web\/wp-content\/uploads\/2020\/10\/jalkapalloa.jpg?fit=800%2C450&ssl=1","width":800,"height":450},{"@type":"WebPage","@id":"https:\/\/porkkalanputki.fi\/web\/youtube\/#webpage","url":"https:\/\/porkkalanputki.fi\/web\/youtube\/","name":"YouTube - Putkista nettiin","isPartOf":{"@id":"https:\/\/porkkalanputki.fi\/web\/#website"},"primaryImageOfPage":{"@id":"https:\/\/porkkalanputki.fi\/web\/youtube\/#primaryimage"},"datePublished":"2019-01-09T17:05:43+00:00","dateModified":"2020-10-28T07:54:00+00:00","description":"YouTube on enemm\u00e4n viihdekanava, kuin mit\u00e4\u00e4n muuta. Mutta sielt\u00e4 l\u00f6ytyy my\u00f6s paljon vinkkej\u00e4 urheilupelaamiseen","breadcrumb":{"@id":"https:\/\/porkkalanputki.fi\/web\/youtube\/#breadcrumb"},"inLanguage":"fi","potentialAction":[{"@type":"ReadAction","target":["https:\/\/porkkalanputki.fi\/web\/youtube\/"]}]},{"@type":"BreadcrumbList","@id":"https:\/\/porkkalanputki.fi\/web\/youtube\/#breadcrumb","itemListElement":[{"@type":"ListItem","position":1,"name":"Home","item":"https:\/\/porkkalanputki.fi\/web\/"},{"@type":"ListItem","position":2,"name":"YouTube"}]}]}},"jetpack_sharing_enabled":true,"jetpack_shortlink":"https:\/\/wp.me\/PaBfjx-1h","jetpack-related-posts":[{"id":174,"url":"https:\/\/porkkalanputki.fi\/web\/ajanvietetta-aikuisille\/","url_meta":{"origin":79,"position":0},"title":"Ajanvietett\u00e4","date":"24\/04\/2020","format":false,"excerpt":"Kasinot ilman rekister\u00f6itymist\u00e4 l\u00f6yd\u00e4t t\u00e4\u00e4lt\u00e4, ja se on yksi uusimmista nettikasinomarkkinoiden markkinointikeinoista. Siin\u00e4 pelaaja p\u00e4\u00e4see pelaamaan suoraan omilla pankkitunnuksillaan eik\u00e4 h\u00e4nen tarvitse luoda omaa pelitili\u00e4. Nettikasinomarkkinat kehittelev\u00e4t uusia palveluita kuukausittain ja ala kasvaa jatkuvasti koko maailmassa. \u00e4l\u00e4 pelaa enemm\u00e4n kuin mit\u00e4 sinulla on varaa h\u00e4vit\u00e4muista ett\u00e4 pelatessasi rahapelej\u00e4, sinun tulee\u2026","rel":"","context":"Samankaltainen artikkeli","img":{"alt_text":"","src":"https:\/\/i0.wp.com\/porkkalanputki.fi\/web\/wp-content\/uploads\/2020\/04\/blue-green-and-purple-poker-chips-39856.jpg?resize=350%2C200&ssl=1","width":350,"height":200},"classes":[]},{"id":95,"url":"https:\/\/porkkalanputki.fi\/web\/virtuaaliraha\/","url_meta":{"origin":79,"position":1},"title":"Virtuaaliraha","date":"09\/01\/2019","format":false,"excerpt":"Cryptocurrency, tietokoneraha, virtuaalivaluutta. N\u00e4m\u00e4 asiat on hyv\u00e4 tiet\u00e4\u00e4 kryptovaluutasta Kryptovaluutoista puhutaan paljon, mutta mit\u00e4 niill\u00e4 oikeasti tarkoitetaan ja voiko niit\u00e4 k\u00e4ytt\u00e4\u00e4 tavalliseen ostamiseen? Kryptovaluuttojen kuninkaana pidetty bitcoin saattaa olla laskeva t\u00e4hti.\u00a0Bitcoinin arvo noteerattiin\u00a0vuodenvaihteessa kaikkien aikojen korkeimmassa arvossaan yli 16 000 eurossa. T\u00e4m\u00e4n j\u00e4lkeen kryptovaluutta on halventunut noin puoleen. Samaan aikaan\u2026","rel":"","context":"Samankaltainen artikkeli","img":{"alt_text":"","src":"https:\/\/i0.wp.com\/porkkalanputki.fi\/web\/wp-content\/uploads\/2019\/01\/pexels-photo-730564.jpeg?resize=350%2C200&ssl=1","width":350,"height":200},"classes":[]},{"id":61,"url":"https:\/\/porkkalanputki.fi\/web\/kolikkopelit\/","url_meta":{"origin":79,"position":2},"title":"Kolikkopelit","date":"09\/01\/2019","format":false,"excerpt":"Miksi pelata peliautomaateilla \u2013 Kaupat, kioskit sek\u00e4 kasinot Oli sitten mik\u00e4 tahansa kaupunki taikka pikkukyl\u00e4 kyseess\u00e4 niin tulee t\u00f6rm\u00e4tty\u00e4 Veikkauksen peliautomaatteihin. Niit\u00e4 kuitenkin on l\u00e4hes poikkeuksetta joka kaupassa ja hyv\u00e4st\u00e4kin syyst\u00e4 sill\u00e4 ne ovat eritt\u00e4in suosittuja suomalaisten keskuudessa. Me pelaamme niill\u00e4 ajankuluksi, voitonhalun takia tai vaikka vaan testailumieless\u00e4. Jokainen n\u00e4ist\u00e4\u2026","rel":"","context":"Samankaltainen artikkeli","img":{"alt_text":"","src":"https:\/\/i0.wp.com\/porkkalanputki.fi\/web\/wp-content\/uploads\/2019\/01\/addiction-bet-betting-casino.jpg?resize=350%2C200&ssl=1","width":350,"height":200},"classes":[]},{"id":76,"url":"https:\/\/porkkalanputki.fi\/web\/striimaus\/","url_meta":{"origin":79,"position":3},"title":"Striimaus","date":"09\/01\/2019","format":false,"excerpt":"Striimaus eli streaming eli suoratoisto kuten YouTube tai Twitch kanavat. Striimaus on yksinkertaisimmillaan videokuvan ja \u00e4\u00e4nen v\u00e4litt\u00e4mist\u00e4 eteenp\u00e4in tietoverkoissa. Suomenkielinen vastine \u2019suoratoisto\u2019 kuvastaa striimausta hyvin, sill\u00e4 se erottaa striimauksen tiedoston lataamisesta. Yksinkertaistettuna ero on siin\u00e4, ett\u00e4 videon katselu voidaan aloittaa, vaikka vain pieni osa aineistosta on v\u00e4litetty katsojalle. Siihen yksinkertaisuus\u2026","rel":"","context":"Samankaltainen artikkeli","img":{"alt_text":"","src":"","width":0,"height":0},"classes":[]},{"id":20,"url":"https:\/\/porkkalanputki.fi\/web\/etatyo\/","url_meta":{"origin":79,"position":4},"title":"Et\u00e4ty\u00f6","date":"09\/01\/2019","format":false,"excerpt":"Ansaitse kotona ollessasi eli tee t\u00f6it\u00e4 kotoa k\u00e4sin! Voit aloittaa heti ty\u00f6skentelem\u00e4\u00e4n s\u00e4hk\u00f6postitse\/tekstiviestitse kotoa k\u00e4sin. T\u00f6it\u00e4 mobiililaitteella. Et\u00e4ty\u00f6 ja vapaat ty\u00f6ajat. Kirjoita ty\u00f6ksesi. Palkkiot viikottain. Palvelut: Joustava ty\u00f6, Ty\u00f6skentele kotoa, P\u00e4\u00e4t\u00e4 ty\u00f6aikasi. Et\u00e4ty\u00f6 on ty\u00f6t\u00e4, joka tehd\u00e4\u00e4n kiinte\u00e4n toimiston ulkopuolella, esimerkiksi kotoa, et\u00e4pisteest\u00e4, hotellista tai liikkuvasta toimistosta k\u00e4sin. Uusista tavoista\u2026","rel":"","context":"Samankaltainen artikkeli","img":{"alt_text":"","src":"https:\/\/i0.wp.com\/porkkalanputki.fi\/web\/wp-content\/uploads\/2019\/01\/pexels-photo-1288483.jpeg?resize=350%2C200&ssl=1","width":350,"height":200},"classes":[]},{"id":22,"url":"https:\/\/porkkalanputki.fi\/web\/pokeriammattilaisuus\/","url_meta":{"origin":79,"position":5},"title":"Pokeri","date":"09\/01\/2019","format":false,"excerpt":"Jos vuosia sitten haluasi tai unelmoi pokeriammattilaisuudesta, piti sit\u00e4 varten l\u00e4hte\u00e4 maailman kasinoille pelaamaan. Nyky\u00e4\u00e4n erilaiset online LIVE pokerip\u00f6yd\u00e4t ovat tuoneet pokeriammattilaisuusmahdollisuuden jokaisen kotisohvalle.","rel":"","context":"Samankaltainen artikkeli","img":{"alt_text":"","src":"https:\/\/i0.wp.com\/porkkalanputki.fi\/web\/wp-content\/uploads\/2019\/01\/play-card-game-poker-poker-chips-39856.jpeg?resize=350%2C200&ssl=1","width":350,"height":200},"classes":[]}],"rttpg_featured_image_url":null,"rttpg_author":{"display_name":"admin","author_link":"https:\/\/porkkalanputki.fi\/web\/author\/putkipomo\/"},"rttpg_comment":0,"rttpg_category":null,"rttpg_excerpt":"YouTube on yh\u00e4 se suurin ja katsotuin sek\u00e4 ladatuin paikka kotivideoille ja paljon muullekin jo nyky\u00e4\u00e4n. YouTube tarjoaa paljon my\u00f6s vedonly\u00f6nnist\u00e4 kiinnostuneille ja muille pelaamisen yst\u00e4ville. Esimerkki 1 On sitten kyse livepelaamisesta tai pitk\u00e4vedosta, aina jos aiot pelata isommalla raham\u00e4\u00e4r\u00e4ll\u00e4, on hyv\u00e4 mietti\u00e4 sit\u00e4 omaa taktiikkaa ja ennenkaikkea sit\u00e4 omaa pelibudjettia, ilman budjettia ei kannata+&hellip;","_links":{"self":[{"href":"https:\/\/porkkalanputki.fi\/web\/wp-json\/wp\/v2\/pages\/79"}],"collection":[{"href":"https:\/\/porkkalanputki.fi\/web\/wp-json\/wp\/v2\/pages"}],"about":[{"href":"https:\/\/porkkalanputki.fi\/web\/wp-json\/wp\/v2\/types\/page"}],"author":[{"embeddable":true,"href":"https:\/\/porkkalanputki.fi\/web\/wp-json\/wp\/v2\/users\/1"}],"replies":[{"embeddable":true,"href":"https:\/\/porkkalanputki.fi\/web\/wp-json\/wp\/v2\/comments?post=79"}],"version-history":[{"count":2,"href":"https:\/\/porkkalanputki.fi\/web\/wp-json\/wp\/v2\/pages\/79\/revisions"}],"predecessor-version":[{"id":249,"href":"https:\/\/porkkalanputki.fi\/web\/wp-json\/wp\/v2\/pages\/79\/revisions\/249"}],"wp:attachment":[{"href":"https:\/\/porkkalanputki.fi\/web\/wp-json\/wp\/v2\/media?parent=79"}],"curies":[{"name":"wp","href":"https:\/\/api.w.org\/{rel}","templated":true}]}}