{"id":76,"date":"2019-01-09T19:04:52","date_gmt":"2019-01-09T17:04:52","guid":{"rendered":"https:\/\/porkkalanputki.fi\/web\/?page_id=76"},"modified":"2019-01-16T17:07:18","modified_gmt":"2019-01-16T15:07:18","slug":"striimaus","status":"publish","type":"page","link":"https:\/\/porkkalanputki.fi\/web\/striimaus\/","title":{"rendered":"Striimaus"},"content":{"rendered":"\n<p>Striimaus eli streaming eli suoratoisto kuten YouTube tai Twitch kanavat. Striimaus on yksinkertaisimmillaan videokuvan ja \u00e4\u00e4nen v\u00e4litt\u00e4mist\u00e4  eteenp\u00e4in tietoverkoissa. Suomenkielinen vastine \u2019suoratoisto\u2019 kuvastaa  striimausta hyvin, sill\u00e4 se erottaa striimauksen tiedoston lataamisesta.  Yksinkertaistettuna ero on siin\u00e4, ett\u00e4 videon katselu voidaan aloittaa,  vaikka vain pieni osa aineistosta on v\u00e4litetty katsojalle. Siihen  yksinkertaisuus sitten j\u00e4\u00e4kin.<\/p>\n\n\n\n<p>Striimaus voi olla joko tiedoston esitt\u00e4mist\u00e4 (playout) tai \nreaaliaikaista ns. live-striimausta. T\u00e4ss\u00e4 kuvauksessa keskitymme \nl\u00e4hinn\u00e4 j\u00e4lkimm\u00e4iseen, koska se on my\u00f6s ylivoimaisesti haasteellisinta. \nStriimaukseen tarvitaan seuraavat osat:<\/p>\n\n\n\n<ul><li>kuva- ja \u00e4\u00e4nil\u00e4hde, esimerkiksi kamera<\/li><li>videon ja audion kompressointia, jonkinlainen enkooderi<\/li><li>tietoverkko, jota pitkin kompressoitu ja paketoitu video siirtyy<\/li><li>soitin, eli p\u00e4\u00e4telaite joka osaa purkaa ja toistaa striimin katsojalle<\/li><\/ul>\n\n\n\n<h2>Haluan aloittaa livestriimaamisen, mit\u00e4 kaikkea tarvitsen?<\/h2>\n\n\n\n<p>Kerromme t\u00e4ss\u00e4 oppaassa miten yksityinen henkil\u00f6 voi aloittaa \nstriimaamisen mahdollisimman helposti ja mit\u00e4 v\u00e4lineit\u00e4 tarvitaan. \nK\u00e4yt\u00e4mme oppaassa paljon erilaisia teknisi\u00e4 termej\u00e4, jotka on selitetty \nmahdollisimman yksinkertaisesti. Mik\u00e4li jokin asia menee ohi \nymm\u00e4rryksen, voit l\u00e4hett\u00e4\u00e4 kysymyksen esimerkiksi Streamian foorumille.<\/p>\n\n\n\n<p>Aivan ensimm\u00e4iseksi sinun on p\u00e4\u00e4tett\u00e4v\u00e4 mist\u00e4 haluat l\u00e4hett\u00e4\u00e4 suoraa \nvideokuvaa nettiin. J\u00e4rjest\u00e4tk\u00f6 jotain tapahtumaa ja haluat jakaa \nweb-kameran kuvaa, soitatko vain musiikkia vai pelaatko jotain peli\u00e4? \nVoit joutua ottamaan huomioon erilaisia asioita riippuen l\u00e4hetyksesi \nkategoriasta ja kohderyhm\u00e4st\u00e4. Yksinkertaisimmillaan striimaaja \ntarvitsee vain \u00e4lypuhelimen tai tietokoneen, nettiyhteyden, tunnuksen \nstriimauspalvelun sivulle ja ohjelmiston striimaamiseen.<\/p>\n\n\n\n<h3>Striimauspalvelun valinta<\/h3>\n\n\n\n<p>Yleis\u00f6 l\u00f6yt\u00e4\u00e4 l\u00e4hetyksesi parhaiten striimauspalvelun sivuilta. \nSuoran videon l\u00e4hett\u00e4mist\u00e4 tukevia palveluita ovat esimerkiksi YouTube, \nUstream, Livestream, Twitter, Twitch ja Facebook Live. Palvelut eroavat \ntoisistaan hieman k\u00e4ytett\u00e4vyydelt\u00e4, k\u00e4ytt\u00e4j\u00e4ryhmilt\u00e4 ja sallittujen \nstriimien kategoriolta. Esimerkiksi Twitch, Smashcast ja Mixer ovat \npelaajille r\u00e4\u00e4t\u00e4l\u00f6ityj\u00e4 palveluita. Twitterin omistama Periscope \nkeskittyy taas mobiilil\u00e4hetyksiin, YouTubessa ja Facebookissa voi \nl\u00e4hett\u00e4\u00e4 l\u00e4hes mit\u00e4 tahansa. Suurin osa palveluista tukee kuitenkin \nsamoja striimausohjelmia. Voit toki my\u00f6s k\u00e4ytt\u00e4\u00e4 jotain muuta ratkaisua \nja laittaa streamin py\u00f6rim\u00e4\u00e4n omalla videosoittimella esimerkiksi \nkotisivullesi.<\/p>\n\n\n\n<p>Tee tili haluamaasi palveluun. Sinulle luodaan oma henkil\u00f6kohtainen \nkanava, jota muut ihmiset voivat sitten katsella. Tunnuksen luominen on \nyleens\u00e4 ilmaista, mutta sivut voivat tarjota ohella maksullisia \nj\u00e4senyyksi\u00e4. Streamia ei ole livestriimauspalvelu, vaan tuomme sinun \nl\u00e4hetyksellesi uutta yleis\u00f6 rajapintoihin perustuvaa tekniikkaa \nhy\u00f6dynt\u00e4en.<\/p>\n\n\n\n<h3>Tietokone ja ohjelmisto<\/h3>\n\n\n\n<p>Streamaaja tarvitsee tietokoneen, jolla voi py\u00f6ritt\u00e4\u00e4 \nstriimausohjelmistoa. Ohjelmia on useita erilaisia, esimerkiksi XSplit, \nOBS, Livestream Procaster ja Flash Media Encoder. Tietokone tarvitsee \njonkin verran tehoja, jotta se voi py\u00f6ritt\u00e4\u00e4 ohjelmistoa. Uusilla \nkannettavillakin tietokoneilla voi striimata, sill\u00e4 niiss\u00e4 on nykyisin \njo tyydytt\u00e4v\u00e4t prosessorit ja n\u00e4yt\u00f6nohjaimet. Muista kuitenkin, ett\u00e4 \nmy\u00f6s esimerkiksi verkkoselain ja pelit vaativat osansa \nprosessointitehosta, mik\u00e4li k\u00e4yt\u00e4t niit\u00e4 samalla tietokoneella \nstriimatessasi. J\u00e4rjestelm\u00e4vaatimuksiin kannattaa tutustua tarkemmin \nkunkin ohjelmiston tarjoajan sivuilla. Tietokoneessa on syyt\u00e4 olla \nmahdollisimman tuore k\u00e4ytt\u00f6j\u00e4rjestelm\u00e4versio kaikkien ominaisuuksien \ntoimimiseksi. Striimaaminen onnistuu kaikilla k\u00e4ytt\u00f6j\u00e4rjestelmill\u00e4.<\/p>\n\n\n\n<h3>Konsoli- ja mobiilistriimaaminen<\/h3>\n\n\n\n<p>Jotkin palvelut (esim. Twitch ja Mixer) tukevat livestriimausta \nsuoraan pelikonsoleilta (Xbox One, PS4), jolloin tietokonetta ei \nv\u00e4ltt\u00e4m\u00e4tt\u00e4 tarvita. Striimausominaisuudet on integroitu my\u00f6s useisiin \nPC-peleihin, kuten Minecraftiin. Vaatimukset Internet-yhteydelle eiv\u00e4t \nkuitenkaan muutu. My\u00f6s \u00e4lypuhelimille on tarjolla striimaussovelluksia, \nmutta pitk\u00e4ll\u00e4 aikav\u00e4lill\u00e4 pelk\u00e4st\u00e4\u00e4n niihin tukeutuminen ei ole \nj\u00e4rkev\u00e4\u00e4. Puhelimien omat kamerat ja mikrofonit takaavat harvoin hyv\u00e4n \nkuvanlaadun ja ongelmaksi voi koitua my\u00f6s katvealueet ja rajattu \ntiedonsiirtonopeus. Lis\u00e4ksi t\u00e4llaiset ohjelmat kuluttavat puhelimen akun\n nopeasti loppuun.<\/p>\n\n\n\n<figure class=\"wp-block-image\"><img src=\"https:\/\/i0.wp.com\/streamia.fi\/wp-content\/uploads\/2017\/08\/bitrate-taulukko-uai-631x355.png?resize=631%2C355&#038;ssl=1\" alt=\"\" data-recalc-dims=\"1\"\/><\/figure>\n\n\n\n<p><a href=\"https:\/\/streamia.fi\/artikkelit\/streamaajan-opas\/\">https:\/\/streamia.fi\/artikkelit\/streamaajan-opas\/<\/a><\/p>\n\n\n\n<h1>Live-striimaus \u2014 Suora vuorovaikutussuhde suunnitellusti<\/h1>\n\n\n\n<p>Videomarkkinointi jatkaa nousuaan; nyt trendien \naallonharjalla kiit\u00e4\u00e4 videokuvan reaaliaikainen suoratoisto eli \nlive-striimaus. Striimauksessa yhdistyv\u00e4t niin visuaaliset tehokeinot ja\n helppous kuin suora vuorovaikutus. Striimauksella voi vastata \nkuluttajien tarpeisiin yht\u00e4 nopeasti kuin niit\u00e4 syntyy. Ei siis ihme, \nett\u00e4 sosiaalisen median isoimmat kanavat, kuten Facebook, Instagram ja \nYouTube, ovat viime vuosina ottaneet sen palvelutarjontaansa.<\/p>\n\n\n\n<p>Yksi konkreettinen kannustin striimauksen hy\u00f6dynt\u00e4miseen \nmarkkinoinnissa on sen valmis yleis\u00f6. Esimerkiksi Yhdysvalloissa jopa 63\n % milleniaaleista (n. 18\u201335-vuotiaat) oli vuoden 2016 loppuun menness\u00e4 \nkatsonut ainakin yhden live-striimausvideon. Samasta ik\u00e4ryhm\u00e4st\u00e4 42 % \noli my\u00f6s itse striimannut. Katsominen ja osallistuminen ovat t\u00e4st\u00e4 vain \njatkaneet yleistymist\u00e4\u00e4n osana sosiaalista mediaa ja siell\u00e4 tapahtuvaa \nmarkkinointia.<\/p>\n\n\n\n<h3>Vinkit hyv\u00e4n live-striimauksen tekoon<\/h3>\n\n\n\n<ul><li>Tekninen kalusto: Videokuvan tekninen laatu erottaa yleens\u00e4 \nammattilaisten striimaukset yksityishenkil\u00f6iden tekemist\u00e4. Panosta \nkuvaus- ja \u00e4\u00e4nikalustoon, valaistukseen sek\u00e4 v\u00e4rimaailmaan. Minimoi \ntaustamelu.<\/li><li>Toimiva ja nopea internet-yhteys: L\u00e4hetyksen p\u00e4tkiminen saa katsojat\n lopettamaan striimauksen seuraamisen herk\u00e4sti, vaikka sis\u00e4lt\u00f6 olisikin \nmielenkiintoista.<\/li><li>M\u00e4\u00e4rittele, onko striimaus tarpeeksi merkitt\u00e4v\u00e4\u00e4 vain \nvideosis\u00e4lt\u00f6ns\u00e4 puolesta (esim. uutiset), vai kannattaako keskitty\u00e4 \nvuorovaikutukseen katsojien kanssa (esim. Q&amp;A-tyyppinen l\u00e4hetys). \nMolempiin voi panostaa, jos sis\u00e4lt\u00f6 sen sallii!<\/li><li>Erityisesti k\u00e4nnyk\u00e4st\u00e4 striimausta seuraavat alkavat katsoa \nl\u00e4hetyst\u00e4 usein \u00e4\u00e4nen ollessa mykistettyn\u00e4, joten jo videokuvan tulee \nher\u00e4tt\u00e4\u00e4 katsojan mielenkiinto.<\/li><li>Laatu ennen m\u00e4\u00e4r\u00e4\u00e4: Yhdell\u00e4 laadukkaasti toteutetulla striimauksella\n voi saavuttaa halutun tuloksen helpommin kuin usealla \nheikompilaatuisella.<\/li><li>Muista, ett\u00e4 striimaus j\u00e4\u00e4 my\u00f6s taltioksi. Se ei katoa automaattisesti suoratoiston j\u00e4lkeen.<\/li><\/ul>\n\n\n\n<figure class=\"wp-block-embed-wordpress wp-block-embed is-type-wp-embed is-provider-dagmar\"><div class=\"wp-block-embed__wrapper\">\n<blockquote class=\"wp-embedded-content\" data-secret=\"k1OhneSMkJ\"><a href=\"https:\/\/www.dagmar.fi\/digitaalinen-markkinointi\/live-striimaus-suora-vuorovaikutussuhde-suunnitellusti\/\">Live-striimaus \u2014 Suora vuorovaikutussuhde suunnitellusti<\/a><\/blockquote><iframe class=\"wp-embedded-content\" sandbox=\"allow-scripts\" security=\"restricted\" style=\"position: absolute; clip: rect(1px, 1px, 1px, 1px);\" src=\"https:\/\/www.dagmar.fi\/digitaalinen-markkinointi\/live-striimaus-suora-vuorovaikutussuhde-suunnitellusti\/embed\/#?secret=k1OhneSMkJ\" data-secret=\"k1OhneSMkJ\" width=\"500\" height=\"282\" title=\"&#8220;Live-striimaus \u2014 Suora vuorovaikutussuhde suunnitellusti&#8221; &#8212; Dagmar\" frameborder=\"0\" marginwidth=\"0\" marginheight=\"0\" scrolling=\"no\"><\/iframe>\n<\/div><\/figure>\n","protected":false},"excerpt":{"rendered":"<p>Striimaus eli streaming eli suoratoisto kuten YouTube tai Twitch kanavat. Striimaus on yksinkertaisimmillaan videokuvan ja \u00e4\u00e4nen v\u00e4litt\u00e4mist\u00e4 eteenp\u00e4in tietoverkoissa. Suomenkielinen vastine \u2019suoratoisto\u2019 kuvastaa striimausta hyvin, sill\u00e4 se erottaa striimauksen tiedoston lataamisesta. Yksinkertaistettuna ero on siin\u00e4, ett\u00e4 videon katselu voidaan aloittaa, vaikka vain pieni osa aineistosta on v\u00e4litetty katsojalle. Siihen yksinkertaisuus sitten j\u00e4\u00e4kin. Striimaus voi olla<br \/><a class=\"moretag\" href=\"https:\/\/porkkalanputki.fi\/web\/striimaus\/\">+ Read More<\/a><\/p>\n","protected":false},"author":1,"featured_media":0,"parent":0,"menu_order":0,"comment_status":"closed","ping_status":"closed","template":"","meta":{"spay_email":""},"yoast_head":"<!-- This site is optimized with the Yoast SEO plugin v18.1 - https:\/\/yoast.com\/wordpress\/plugins\/seo\/ -->\n<title>Striimaus - Putkista nettiin<\/title>\n<meta name=\"description\" content=\"Live-striimaus \u2014 Suora vuorovaikutussuhde suunnitellusti\" \/>\n<meta name=\"robots\" content=\"index, follow, max-snippet:-1, max-image-preview:large, max-video-preview:-1\" \/>\n<link rel=\"canonical\" href=\"https:\/\/porkkalanputki.fi\/web\/striimaus\/\" \/>\n<meta property=\"og:locale\" content=\"fi_FI\" \/>\n<meta property=\"og:type\" content=\"article\" \/>\n<meta property=\"og:title\" content=\"Striimaus - Putkista nettiin\" \/>\n<meta property=\"og:description\" content=\"Live-striimaus \u2014 Suora vuorovaikutussuhde suunnitellusti\" \/>\n<meta property=\"og:url\" content=\"https:\/\/porkkalanputki.fi\/web\/striimaus\/\" \/>\n<meta property=\"og:site_name\" content=\"Putkista nettiin\" \/>\n<meta property=\"article:modified_time\" content=\"2019-01-16T15:07:18+00:00\" \/>\n<meta property=\"og:image\" content=\"https:\/\/streamia.fi\/wp-content\/uploads\/2017\/08\/bitrate-taulukko-uai-631x355.png\" \/>\n<meta name=\"twitter:card\" content=\"summary_large_image\" \/>\n<meta name=\"twitter:label1\" content=\"Arvioitu lukuaika\" \/>\n\t<meta name=\"twitter:data1\" content=\"4 minuuttia\" \/>\n<script type=\"application\/ld+json\" class=\"yoast-schema-graph\">{\"@context\":\"https:\/\/schema.org\",\"@graph\":[{\"@type\":\"WebSite\",\"@id\":\"https:\/\/porkkalanputki.fi\/web\/#website\",\"url\":\"https:\/\/porkkalanputki.fi\/web\/\",\"name\":\"Putkista nettiin\",\"description\":\"Nykyajan juttuja rahasta\",\"potentialAction\":[{\"@type\":\"SearchAction\",\"target\":{\"@type\":\"EntryPoint\",\"urlTemplate\":\"https:\/\/porkkalanputki.fi\/web\/?s={search_term_string}\"},\"query-input\":\"required name=search_term_string\"}],\"inLanguage\":\"fi\"},{\"@type\":\"ImageObject\",\"@id\":\"https:\/\/porkkalanputki.fi\/web\/striimaus\/#primaryimage\",\"inLanguage\":\"fi\",\"url\":\"https:\/\/streamia.fi\/wp-content\/uploads\/2017\/08\/bitrate-taulukko-uai-631x355.png\",\"contentUrl\":\"https:\/\/streamia.fi\/wp-content\/uploads\/2017\/08\/bitrate-taulukko-uai-631x355.png\"},{\"@type\":\"WebPage\",\"@id\":\"https:\/\/porkkalanputki.fi\/web\/striimaus\/#webpage\",\"url\":\"https:\/\/porkkalanputki.fi\/web\/striimaus\/\",\"name\":\"Striimaus - Putkista nettiin\",\"isPartOf\":{\"@id\":\"https:\/\/porkkalanputki.fi\/web\/#website\"},\"primaryImageOfPage\":{\"@id\":\"https:\/\/porkkalanputki.fi\/web\/striimaus\/#primaryimage\"},\"datePublished\":\"2019-01-09T17:04:52+00:00\",\"dateModified\":\"2019-01-16T15:07:18+00:00\",\"description\":\"Live-striimaus \u2014 Suora vuorovaikutussuhde suunnitellusti\",\"breadcrumb\":{\"@id\":\"https:\/\/porkkalanputki.fi\/web\/striimaus\/#breadcrumb\"},\"inLanguage\":\"fi\",\"potentialAction\":[{\"@type\":\"ReadAction\",\"target\":[\"https:\/\/porkkalanputki.fi\/web\/striimaus\/\"]}]},{\"@type\":\"BreadcrumbList\",\"@id\":\"https:\/\/porkkalanputki.fi\/web\/striimaus\/#breadcrumb\",\"itemListElement\":[{\"@type\":\"ListItem\",\"position\":1,\"name\":\"Home\",\"item\":\"https:\/\/porkkalanputki.fi\/web\/\"},{\"@type\":\"ListItem\",\"position\":2,\"name\":\"Striimaus\"}]}]}<\/script>\n<!-- \/ Yoast SEO plugin. -->","yoast_head_json":{"title":"Striimaus - Putkista nettiin","description":"Live-striimaus \u2014 Suora vuorovaikutussuhde suunnitellusti","robots":{"index":"index","follow":"follow","max-snippet":"max-snippet:-1","max-image-preview":"max-image-preview:large","max-video-preview":"max-video-preview:-1"},"canonical":"https:\/\/porkkalanputki.fi\/web\/striimaus\/","og_locale":"fi_FI","og_type":"article","og_title":"Striimaus - Putkista nettiin","og_description":"Live-striimaus \u2014 Suora vuorovaikutussuhde suunnitellusti","og_url":"https:\/\/porkkalanputki.fi\/web\/striimaus\/","og_site_name":"Putkista nettiin","article_modified_time":"2019-01-16T15:07:18+00:00","og_image":[{"url":"https:\/\/streamia.fi\/wp-content\/uploads\/2017\/08\/bitrate-taulukko-uai-631x355.png"}],"twitter_card":"summary_large_image","twitter_misc":{"Arvioitu lukuaika":"4 minuuttia"},"schema":{"@context":"https:\/\/schema.org","@graph":[{"@type":"WebSite","@id":"https:\/\/porkkalanputki.fi\/web\/#website","url":"https:\/\/porkkalanputki.fi\/web\/","name":"Putkista nettiin","description":"Nykyajan juttuja rahasta","potentialAction":[{"@type":"SearchAction","target":{"@type":"EntryPoint","urlTemplate":"https:\/\/porkkalanputki.fi\/web\/?s={search_term_string}"},"query-input":"required name=search_term_string"}],"inLanguage":"fi"},{"@type":"ImageObject","@id":"https:\/\/porkkalanputki.fi\/web\/striimaus\/#primaryimage","inLanguage":"fi","url":"https:\/\/streamia.fi\/wp-content\/uploads\/2017\/08\/bitrate-taulukko-uai-631x355.png","contentUrl":"https:\/\/streamia.fi\/wp-content\/uploads\/2017\/08\/bitrate-taulukko-uai-631x355.png"},{"@type":"WebPage","@id":"https:\/\/porkkalanputki.fi\/web\/striimaus\/#webpage","url":"https:\/\/porkkalanputki.fi\/web\/striimaus\/","name":"Striimaus - Putkista nettiin","isPartOf":{"@id":"https:\/\/porkkalanputki.fi\/web\/#website"},"primaryImageOfPage":{"@id":"https:\/\/porkkalanputki.fi\/web\/striimaus\/#primaryimage"},"datePublished":"2019-01-09T17:04:52+00:00","dateModified":"2019-01-16T15:07:18+00:00","description":"Live-striimaus \u2014 Suora vuorovaikutussuhde suunnitellusti","breadcrumb":{"@id":"https:\/\/porkkalanputki.fi\/web\/striimaus\/#breadcrumb"},"inLanguage":"fi","potentialAction":[{"@type":"ReadAction","target":["https:\/\/porkkalanputki.fi\/web\/striimaus\/"]}]},{"@type":"BreadcrumbList","@id":"https:\/\/porkkalanputki.fi\/web\/striimaus\/#breadcrumb","itemListElement":[{"@type":"ListItem","position":1,"name":"Home","item":"https:\/\/porkkalanputki.fi\/web\/"},{"@type":"ListItem","position":2,"name":"Striimaus"}]}]}},"jetpack_sharing_enabled":true,"jetpack_shortlink":"https:\/\/wp.me\/PaBfjx-1e","jetpack-related-posts":[{"id":79,"url":"https:\/\/porkkalanputki.fi\/web\/youtube\/","url_meta":{"origin":76,"position":0},"title":"YouTube","date":"09\/01\/2019","format":false,"excerpt":"YouTube on yh\u00e4 se suurin ja katsotuin sek\u00e4 ladatuin paikka kotivideoille ja paljon muullekin jo nyky\u00e4\u00e4n. YouTube tarjoaa paljon my\u00f6s vedonly\u00f6nnist\u00e4 kiinnostuneille ja muille pelaamisen yst\u00e4ville. Esimerkki 1 On sitten kyse livepelaamisesta tai pitk\u00e4vedosta, aina jos aiot pelata isommalla raham\u00e4\u00e4r\u00e4ll\u00e4, on hyv\u00e4 mietti\u00e4 sit\u00e4 omaa taktiikkaa ja ennenkaikkea sit\u00e4 omaa\u2026","rel":"","context":"Samankaltainen artikkeli","img":{"alt_text":"","src":"https:\/\/i0.wp.com\/porkkalanputki.fi\/web\/wp-content\/uploads\/2020\/10\/jalkapalloa.jpg?resize=350%2C200&ssl=1","width":350,"height":200},"classes":[]},{"id":20,"url":"https:\/\/porkkalanputki.fi\/web\/etatyo\/","url_meta":{"origin":76,"position":1},"title":"Et\u00e4ty\u00f6","date":"09\/01\/2019","format":false,"excerpt":"Ansaitse kotona ollessasi eli tee t\u00f6it\u00e4 kotoa k\u00e4sin! Voit aloittaa heti ty\u00f6skentelem\u00e4\u00e4n s\u00e4hk\u00f6postitse\/tekstiviestitse kotoa k\u00e4sin. T\u00f6it\u00e4 mobiililaitteella. Et\u00e4ty\u00f6 ja vapaat ty\u00f6ajat. Kirjoita ty\u00f6ksesi. Palkkiot viikottain. Palvelut: Joustava ty\u00f6, Ty\u00f6skentele kotoa, P\u00e4\u00e4t\u00e4 ty\u00f6aikasi. Et\u00e4ty\u00f6 on ty\u00f6t\u00e4, joka tehd\u00e4\u00e4n kiinte\u00e4n toimiston ulkopuolella, esimerkiksi kotoa, et\u00e4pisteest\u00e4, hotellista tai liikkuvasta toimistosta k\u00e4sin. Uusista tavoista\u2026","rel":"","context":"Samankaltainen artikkeli","img":{"alt_text":"","src":"https:\/\/i0.wp.com\/porkkalanputki.fi\/web\/wp-content\/uploads\/2019\/01\/pexels-photo-1288483.jpeg?resize=350%2C200&ssl=1","width":350,"height":200},"classes":[]},{"id":61,"url":"https:\/\/porkkalanputki.fi\/web\/kolikkopelit\/","url_meta":{"origin":76,"position":2},"title":"Kolikkopelit","date":"09\/01\/2019","format":false,"excerpt":"Miksi pelata peliautomaateilla \u2013 Kaupat, kioskit sek\u00e4 kasinot Oli sitten mik\u00e4 tahansa kaupunki taikka pikkukyl\u00e4 kyseess\u00e4 niin tulee t\u00f6rm\u00e4tty\u00e4 Veikkauksen peliautomaatteihin. Niit\u00e4 kuitenkin on l\u00e4hes poikkeuksetta joka kaupassa ja hyv\u00e4st\u00e4kin syyst\u00e4 sill\u00e4 ne ovat eritt\u00e4in suosittuja suomalaisten keskuudessa. Me pelaamme niill\u00e4 ajankuluksi, voitonhalun takia tai vaikka vaan testailumieless\u00e4. Jokainen n\u00e4ist\u00e4\u2026","rel":"","context":"Samankaltainen artikkeli","img":{"alt_text":"","src":"https:\/\/i0.wp.com\/porkkalanputki.fi\/web\/wp-content\/uploads\/2019\/01\/addiction-bet-betting-casino.jpg?resize=350%2C200&ssl=1","width":350,"height":200},"classes":[]},{"id":95,"url":"https:\/\/porkkalanputki.fi\/web\/virtuaaliraha\/","url_meta":{"origin":76,"position":3},"title":"Virtuaaliraha","date":"09\/01\/2019","format":false,"excerpt":"Cryptocurrency, tietokoneraha, virtuaalivaluutta. N\u00e4m\u00e4 asiat on hyv\u00e4 tiet\u00e4\u00e4 kryptovaluutasta Kryptovaluutoista puhutaan paljon, mutta mit\u00e4 niill\u00e4 oikeasti tarkoitetaan ja voiko niit\u00e4 k\u00e4ytt\u00e4\u00e4 tavalliseen ostamiseen? Kryptovaluuttojen kuninkaana pidetty bitcoin saattaa olla laskeva t\u00e4hti.\u00a0Bitcoinin arvo noteerattiin\u00a0vuodenvaihteessa kaikkien aikojen korkeimmassa arvossaan yli 16 000 eurossa. T\u00e4m\u00e4n j\u00e4lkeen kryptovaluutta on halventunut noin puoleen. Samaan aikaan\u2026","rel":"","context":"Samankaltainen artikkeli","img":{"alt_text":"","src":"https:\/\/i0.wp.com\/porkkalanputki.fi\/web\/wp-content\/uploads\/2019\/01\/pexels-photo-730564.jpeg?resize=350%2C200&ssl=1","width":350,"height":200},"classes":[]},{"id":65,"url":"https:\/\/porkkalanputki.fi\/web\/eurheilu\/","url_meta":{"origin":76,"position":4},"title":"eUrheilu","date":"09\/01\/2019","format":false,"excerpt":"Elektroninen urheilu eli e-urheilu on videopelien pelaamista kilpailullisesti.","rel":"","context":"Samankaltainen artikkeli","img":{"alt_text":"","src":"https:\/\/i0.wp.com\/porkkalanputki.fi\/web\/wp-content\/uploads\/2019\/01\/pexels-photo-929831.jpeg?resize=350%2C200&ssl=1","width":350,"height":200},"classes":[]},{"id":174,"url":"https:\/\/porkkalanputki.fi\/web\/ajanvietetta-aikuisille\/","url_meta":{"origin":76,"position":5},"title":"Ajanvietett\u00e4","date":"24\/04\/2020","format":false,"excerpt":"Kasinot ilman rekister\u00f6itymist\u00e4 l\u00f6yd\u00e4t t\u00e4\u00e4lt\u00e4, ja se on yksi uusimmista nettikasinomarkkinoiden markkinointikeinoista. Siin\u00e4 pelaaja p\u00e4\u00e4see pelaamaan suoraan omilla pankkitunnuksillaan eik\u00e4 h\u00e4nen tarvitse luoda omaa pelitili\u00e4. Nettikasinomarkkinat kehittelev\u00e4t uusia palveluita kuukausittain ja ala kasvaa jatkuvasti koko maailmassa. \u00e4l\u00e4 pelaa enemm\u00e4n kuin mit\u00e4 sinulla on varaa h\u00e4vit\u00e4muista ett\u00e4 pelatessasi rahapelej\u00e4, sinun tulee\u2026","rel":"","context":"Samankaltainen artikkeli","img":{"alt_text":"","src":"https:\/\/i0.wp.com\/porkkalanputki.fi\/web\/wp-content\/uploads\/2020\/04\/blue-green-and-purple-poker-chips-39856.jpg?resize=350%2C200&ssl=1","width":350,"height":200},"classes":[]}],"rttpg_featured_image_url":null,"rttpg_author":{"display_name":"admin","author_link":"https:\/\/porkkalanputki.fi\/web\/author\/putkipomo\/"},"rttpg_comment":0,"rttpg_category":null,"rttpg_excerpt":"Striimaus eli streaming eli suoratoisto kuten YouTube tai Twitch kanavat. Striimaus on yksinkertaisimmillaan videokuvan ja \u00e4\u00e4nen v\u00e4litt\u00e4mist\u00e4 eteenp\u00e4in tietoverkoissa. Suomenkielinen vastine \u2019suoratoisto\u2019 kuvastaa striimausta hyvin, sill\u00e4 se erottaa striimauksen tiedoston lataamisesta. Yksinkertaistettuna ero on siin\u00e4, ett\u00e4 videon katselu voidaan aloittaa, vaikka vain pieni osa aineistosta on v\u00e4litetty katsojalle. Siihen yksinkertaisuus sitten j\u00e4\u00e4kin. Striimaus voi olla+&hellip;","_links":{"self":[{"href":"https:\/\/porkkalanputki.fi\/web\/wp-json\/wp\/v2\/pages\/76"}],"collection":[{"href":"https:\/\/porkkalanputki.fi\/web\/wp-json\/wp\/v2\/pages"}],"about":[{"href":"https:\/\/porkkalanputki.fi\/web\/wp-json\/wp\/v2\/types\/page"}],"author":[{"embeddable":true,"href":"https:\/\/porkkalanputki.fi\/web\/wp-json\/wp\/v2\/users\/1"}],"replies":[{"embeddable":true,"href":"https:\/\/porkkalanputki.fi\/web\/wp-json\/wp\/v2\/comments?post=76"}],"version-history":[{"count":2,"href":"https:\/\/porkkalanputki.fi\/web\/wp-json\/wp\/v2\/pages\/76\/revisions"}],"predecessor-version":[{"id":110,"href":"https:\/\/porkkalanputki.fi\/web\/wp-json\/wp\/v2\/pages\/76\/revisions\/110"}],"wp:attachment":[{"href":"https:\/\/porkkalanputki.fi\/web\/wp-json\/wp\/v2\/media?parent=76"}],"curies":[{"name":"wp","href":"https:\/\/api.w.org\/{rel}","templated":true}]}}