{"id":65,"date":"2019-01-09T19:01:20","date_gmt":"2019-01-09T17:01:20","guid":{"rendered":"https:\/\/porkkalanputki.fi\/web\/?page_id=65"},"modified":"2019-01-16T17:08:20","modified_gmt":"2019-01-16T15:08:20","slug":"eurheilu","status":"publish","type":"page","link":"https:\/\/porkkalanputki.fi\/web\/eurheilu\/","title":{"rendered":"eUrheilu"},"content":{"rendered":"\n<figure class=\"wp-block-image\"><img data-attachment-id=\"66\" data-permalink=\"https:\/\/porkkalanputki.fi\/web\/eurheilu\/pexels-photo-929831\/\" data-orig-file=\"https:\/\/i0.wp.com\/porkkalanputki.fi\/web\/wp-content\/uploads\/2019\/01\/pexels-photo-929831.jpeg?fit=1280%2C847&amp;ssl=1\" data-orig-size=\"1280,847\" data-comments-opened=\"1\" data-image-meta=\"{&quot;aperture&quot;:&quot;0&quot;,&quot;credit&quot;:&quot;&quot;,&quot;camera&quot;:&quot;&quot;,&quot;caption&quot;:&quot;&quot;,&quot;created_timestamp&quot;:&quot;0&quot;,&quot;copyright&quot;:&quot;&quot;,&quot;focal_length&quot;:&quot;0&quot;,&quot;iso&quot;:&quot;0&quot;,&quot;shutter_speed&quot;:&quot;0&quot;,&quot;title&quot;:&quot;&quot;,&quot;orientation&quot;:&quot;0&quot;}\" data-image-title=\"pexels-photo-929831\" data-image-description=\"\" data-image-caption=\"\" data-medium-file=\"https:\/\/i0.wp.com\/porkkalanputki.fi\/web\/wp-content\/uploads\/2019\/01\/pexels-photo-929831.jpeg?fit=300%2C199&amp;ssl=1\" data-large-file=\"https:\/\/i0.wp.com\/porkkalanputki.fi\/web\/wp-content\/uploads\/2019\/01\/pexels-photo-929831.jpeg?fit=1024%2C678&amp;ssl=1\" loading=\"lazy\" width=\"1280\" height=\"847\" src=\"https:\/\/i0.wp.com\/porkkalanputki.fi\/web\/wp-content\/uploads\/2019\/01\/pexels-photo-929831.jpeg?fit=1024%2C678&amp;ssl=1\" alt=\"\" class=\"wp-image-66\" srcset=\"https:\/\/i0.wp.com\/porkkalanputki.fi\/web\/wp-content\/uploads\/2019\/01\/pexels-photo-929831.jpeg?w=2000&amp;ssl=1 2000w, https:\/\/i0.wp.com\/porkkalanputki.fi\/web\/wp-content\/uploads\/2019\/01\/pexels-photo-929831.jpeg?w=3000&amp;ssl=1 3000w\" sizes=\"(max-width: 1000px) 100vw, 1000px\" \/><\/figure>\n\n\n\n<p>\nElektroninen urheilu eli <em>e-urheilu<\/em> on videopelien pelaamista kilpailullisesti.\n\n<\/p>\n","protected":false},"excerpt":{"rendered":"<p>Elektroninen urheilu eli e-urheilu on videopelien pelaamista kilpailullisesti.<\/p>\n","protected":false},"author":1,"featured_media":0,"parent":0,"menu_order":0,"comment_status":"closed","ping_status":"closed","template":"","meta":{"spay_email":""},"yoast_head":"<!-- This site is optimized with the Yoast SEO plugin v18.1 - https:\/\/yoast.com\/wordpress\/plugins\/seo\/ -->\n<title>eUrheilu - Putkista nettiin<\/title>\n<meta name=\"robots\" content=\"index, follow, max-snippet:-1, max-image-preview:large, max-video-preview:-1\" \/>\n<link rel=\"canonical\" href=\"https:\/\/porkkalanputki.fi\/web\/eurheilu\/\" \/>\n<meta property=\"og:locale\" content=\"fi_FI\" \/>\n<meta property=\"og:type\" content=\"article\" \/>\n<meta property=\"og:title\" content=\"eUrheilu - Putkista nettiin\" \/>\n<meta property=\"og:description\" content=\"Elektroninen urheilu eli e-urheilu on videopelien pelaamista kilpailullisesti.\" \/>\n<meta property=\"og:url\" content=\"https:\/\/porkkalanputki.fi\/web\/eurheilu\/\" \/>\n<meta property=\"og:site_name\" content=\"Putkista nettiin\" \/>\n<meta property=\"article:modified_time\" content=\"2019-01-16T15:08:20+00:00\" \/>\n<meta property=\"og:image\" content=\"https:\/\/i0.wp.com\/porkkalanputki.fi\/web\/wp-content\/uploads\/2019\/01\/pexels-photo-929831.jpeg?fit=1024%2C678&#038;ssl=1\" \/>\n<meta name=\"twitter:card\" content=\"summary_large_image\" \/>\n<script type=\"application\/ld+json\" class=\"yoast-schema-graph\">{\"@context\":\"https:\/\/schema.org\",\"@graph\":[{\"@type\":\"WebSite\",\"@id\":\"https:\/\/porkkalanputki.fi\/web\/#website\",\"url\":\"https:\/\/porkkalanputki.fi\/web\/\",\"name\":\"Putkista nettiin\",\"description\":\"Nykyajan juttuja rahasta\",\"potentialAction\":[{\"@type\":\"SearchAction\",\"target\":{\"@type\":\"EntryPoint\",\"urlTemplate\":\"https:\/\/porkkalanputki.fi\/web\/?s={search_term_string}\"},\"query-input\":\"required name=search_term_string\"}],\"inLanguage\":\"fi\"},{\"@type\":\"ImageObject\",\"@id\":\"https:\/\/porkkalanputki.fi\/web\/eurheilu\/#primaryimage\",\"inLanguage\":\"fi\",\"url\":\"https:\/\/i0.wp.com\/porkkalanputki.fi\/web\/wp-content\/uploads\/2019\/01\/pexels-photo-929831.jpeg?fit=1024%2C678&amp;ssl=1\",\"contentUrl\":\"https:\/\/i0.wp.com\/porkkalanputki.fi\/web\/wp-content\/uploads\/2019\/01\/pexels-photo-929831.jpeg?fit=1024%2C678&amp;ssl=1\"},{\"@type\":\"WebPage\",\"@id\":\"https:\/\/porkkalanputki.fi\/web\/eurheilu\/#webpage\",\"url\":\"https:\/\/porkkalanputki.fi\/web\/eurheilu\/\",\"name\":\"eUrheilu - Putkista nettiin\",\"isPartOf\":{\"@id\":\"https:\/\/porkkalanputki.fi\/web\/#website\"},\"primaryImageOfPage\":{\"@id\":\"https:\/\/porkkalanputki.fi\/web\/eurheilu\/#primaryimage\"},\"datePublished\":\"2019-01-09T17:01:20+00:00\",\"dateModified\":\"2019-01-16T15:08:20+00:00\",\"breadcrumb\":{\"@id\":\"https:\/\/porkkalanputki.fi\/web\/eurheilu\/#breadcrumb\"},\"inLanguage\":\"fi\",\"potentialAction\":[{\"@type\":\"ReadAction\",\"target\":[\"https:\/\/porkkalanputki.fi\/web\/eurheilu\/\"]}]},{\"@type\":\"BreadcrumbList\",\"@id\":\"https:\/\/porkkalanputki.fi\/web\/eurheilu\/#breadcrumb\",\"itemListElement\":[{\"@type\":\"ListItem\",\"position\":1,\"name\":\"Home\",\"item\":\"https:\/\/porkkalanputki.fi\/web\/\"},{\"@type\":\"ListItem\",\"position\":2,\"name\":\"eUrheilu\"}]}]}<\/script>\n<!-- \/ Yoast SEO plugin. -->","yoast_head_json":{"title":"eUrheilu - Putkista nettiin","robots":{"index":"index","follow":"follow","max-snippet":"max-snippet:-1","max-image-preview":"max-image-preview:large","max-video-preview":"max-video-preview:-1"},"canonical":"https:\/\/porkkalanputki.fi\/web\/eurheilu\/","og_locale":"fi_FI","og_type":"article","og_title":"eUrheilu - Putkista nettiin","og_description":"Elektroninen urheilu eli e-urheilu on videopelien pelaamista kilpailullisesti.","og_url":"https:\/\/porkkalanputki.fi\/web\/eurheilu\/","og_site_name":"Putkista nettiin","article_modified_time":"2019-01-16T15:08:20+00:00","og_image":[{"url":"https:\/\/i0.wp.com\/porkkalanputki.fi\/web\/wp-content\/uploads\/2019\/01\/pexels-photo-929831.jpeg?fit=1024%2C678&amp;ssl=1"}],"twitter_card":"summary_large_image","schema":{"@context":"https:\/\/schema.org","@graph":[{"@type":"WebSite","@id":"https:\/\/porkkalanputki.fi\/web\/#website","url":"https:\/\/porkkalanputki.fi\/web\/","name":"Putkista nettiin","description":"Nykyajan juttuja rahasta","potentialAction":[{"@type":"SearchAction","target":{"@type":"EntryPoint","urlTemplate":"https:\/\/porkkalanputki.fi\/web\/?s={search_term_string}"},"query-input":"required name=search_term_string"}],"inLanguage":"fi"},{"@type":"ImageObject","@id":"https:\/\/porkkalanputki.fi\/web\/eurheilu\/#primaryimage","inLanguage":"fi","url":"https:\/\/i0.wp.com\/porkkalanputki.fi\/web\/wp-content\/uploads\/2019\/01\/pexels-photo-929831.jpeg?fit=1024%2C678&amp;ssl=1","contentUrl":"https:\/\/i0.wp.com\/porkkalanputki.fi\/web\/wp-content\/uploads\/2019\/01\/pexels-photo-929831.jpeg?fit=1024%2C678&amp;ssl=1"},{"@type":"WebPage","@id":"https:\/\/porkkalanputki.fi\/web\/eurheilu\/#webpage","url":"https:\/\/porkkalanputki.fi\/web\/eurheilu\/","name":"eUrheilu - Putkista nettiin","isPartOf":{"@id":"https:\/\/porkkalanputki.fi\/web\/#website"},"primaryImageOfPage":{"@id":"https:\/\/porkkalanputki.fi\/web\/eurheilu\/#primaryimage"},"datePublished":"2019-01-09T17:01:20+00:00","dateModified":"2019-01-16T15:08:20+00:00","breadcrumb":{"@id":"https:\/\/porkkalanputki.fi\/web\/eurheilu\/#breadcrumb"},"inLanguage":"fi","potentialAction":[{"@type":"ReadAction","target":["https:\/\/porkkalanputki.fi\/web\/eurheilu\/"]}]},{"@type":"BreadcrumbList","@id":"https:\/\/porkkalanputki.fi\/web\/eurheilu\/#breadcrumb","itemListElement":[{"@type":"ListItem","position":1,"name":"Home","item":"https:\/\/porkkalanputki.fi\/web\/"},{"@type":"ListItem","position":2,"name":"eUrheilu"}]}]}},"jetpack_sharing_enabled":true,"jetpack_shortlink":"https:\/\/wp.me\/PaBfjx-13","jetpack-related-posts":[{"id":26,"url":"https:\/\/porkkalanputki.fi\/web\/urheiluvedonlyonti\/","url_meta":{"origin":65,"position":0},"title":"Urheilu","date":"09\/01\/2019","format":false,"excerpt":"Urheilusta voi ly\u00f6d\u00e4 nyky\u00e4\u00e4n vetoa 24\/7 ja urheiluvedonly\u00f6nti onkin suosittua ymp\u00e4ri maailmaa.","rel":"","context":"Samankaltainen artikkeli","img":{"alt_text":"","src":"https:\/\/i0.wp.com\/porkkalanputki.fi\/web\/wp-content\/uploads\/2019\/01\/pexels-photo-1263426.jpeg?resize=350%2C200&ssl=1","width":350,"height":200},"classes":[]},{"id":76,"url":"https:\/\/porkkalanputki.fi\/web\/striimaus\/","url_meta":{"origin":65,"position":1},"title":"Striimaus","date":"09\/01\/2019","format":false,"excerpt":"Striimaus eli streaming eli suoratoisto kuten YouTube tai Twitch kanavat. Striimaus on yksinkertaisimmillaan videokuvan ja \u00e4\u00e4nen v\u00e4litt\u00e4mist\u00e4 eteenp\u00e4in tietoverkoissa. Suomenkielinen vastine \u2019suoratoisto\u2019 kuvastaa striimausta hyvin, sill\u00e4 se erottaa striimauksen tiedoston lataamisesta. Yksinkertaistettuna ero on siin\u00e4, ett\u00e4 videon katselu voidaan aloittaa, vaikka vain pieni osa aineistosta on v\u00e4litetty katsojalle. Siihen yksinkertaisuus\u2026","rel":"","context":"Samankaltainen artikkeli","img":{"alt_text":"","src":"","width":0,"height":0},"classes":[]},{"id":79,"url":"https:\/\/porkkalanputki.fi\/web\/youtube\/","url_meta":{"origin":65,"position":2},"title":"YouTube","date":"09\/01\/2019","format":false,"excerpt":"YouTube on yh\u00e4 se suurin ja katsotuin sek\u00e4 ladatuin paikka kotivideoille ja paljon muullekin jo nyky\u00e4\u00e4n. YouTube tarjoaa paljon my\u00f6s vedonly\u00f6nnist\u00e4 kiinnostuneille ja muille pelaamisen yst\u00e4ville. Esimerkki 1 On sitten kyse livepelaamisesta tai pitk\u00e4vedosta, aina jos aiot pelata isommalla raham\u00e4\u00e4r\u00e4ll\u00e4, on hyv\u00e4 mietti\u00e4 sit\u00e4 omaa taktiikkaa ja ennenkaikkea sit\u00e4 omaa\u2026","rel":"","context":"Samankaltainen artikkeli","img":{"alt_text":"","src":"https:\/\/i0.wp.com\/porkkalanputki.fi\/web\/wp-content\/uploads\/2020\/10\/jalkapalloa.jpg?resize=350%2C200&ssl=1","width":350,"height":200},"classes":[]},{"id":20,"url":"https:\/\/porkkalanputki.fi\/web\/etatyo\/","url_meta":{"origin":65,"position":3},"title":"Et\u00e4ty\u00f6","date":"09\/01\/2019","format":false,"excerpt":"Ansaitse kotona ollessasi eli tee t\u00f6it\u00e4 kotoa k\u00e4sin! Voit aloittaa heti ty\u00f6skentelem\u00e4\u00e4n s\u00e4hk\u00f6postitse\/tekstiviestitse kotoa k\u00e4sin. T\u00f6it\u00e4 mobiililaitteella. Et\u00e4ty\u00f6 ja vapaat ty\u00f6ajat. Kirjoita ty\u00f6ksesi. Palkkiot viikottain. Palvelut: Joustava ty\u00f6, Ty\u00f6skentele kotoa, P\u00e4\u00e4t\u00e4 ty\u00f6aikasi. Et\u00e4ty\u00f6 on ty\u00f6t\u00e4, joka tehd\u00e4\u00e4n kiinte\u00e4n toimiston ulkopuolella, esimerkiksi kotoa, et\u00e4pisteest\u00e4, hotellista tai liikkuvasta toimistosta k\u00e4sin. Uusista tavoista\u2026","rel":"","context":"Samankaltainen artikkeli","img":{"alt_text":"","src":"https:\/\/i0.wp.com\/porkkalanputki.fi\/web\/wp-content\/uploads\/2019\/01\/pexels-photo-1288483.jpeg?resize=350%2C200&ssl=1","width":350,"height":200},"classes":[]},{"id":61,"url":"https:\/\/porkkalanputki.fi\/web\/kolikkopelit\/","url_meta":{"origin":65,"position":4},"title":"Kolikkopelit","date":"09\/01\/2019","format":false,"excerpt":"Miksi pelata peliautomaateilla \u2013 Kaupat, kioskit sek\u00e4 kasinot Oli sitten mik\u00e4 tahansa kaupunki taikka pikkukyl\u00e4 kyseess\u00e4 niin tulee t\u00f6rm\u00e4tty\u00e4 Veikkauksen peliautomaatteihin. Niit\u00e4 kuitenkin on l\u00e4hes poikkeuksetta joka kaupassa ja hyv\u00e4st\u00e4kin syyst\u00e4 sill\u00e4 ne ovat eritt\u00e4in suosittuja suomalaisten keskuudessa. Me pelaamme niill\u00e4 ajankuluksi, voitonhalun takia tai vaikka vaan testailumieless\u00e4. Jokainen n\u00e4ist\u00e4\u2026","rel":"","context":"Samankaltainen artikkeli","img":{"alt_text":"","src":"https:\/\/i0.wp.com\/porkkalanputki.fi\/web\/wp-content\/uploads\/2019\/01\/addiction-bet-betting-casino.jpg?resize=350%2C200&ssl=1","width":350,"height":200},"classes":[]},{"id":95,"url":"https:\/\/porkkalanputki.fi\/web\/virtuaaliraha\/","url_meta":{"origin":65,"position":5},"title":"Virtuaaliraha","date":"09\/01\/2019","format":false,"excerpt":"Cryptocurrency, tietokoneraha, virtuaalivaluutta. N\u00e4m\u00e4 asiat on hyv\u00e4 tiet\u00e4\u00e4 kryptovaluutasta Kryptovaluutoista puhutaan paljon, mutta mit\u00e4 niill\u00e4 oikeasti tarkoitetaan ja voiko niit\u00e4 k\u00e4ytt\u00e4\u00e4 tavalliseen ostamiseen? Kryptovaluuttojen kuninkaana pidetty bitcoin saattaa olla laskeva t\u00e4hti.\u00a0Bitcoinin arvo noteerattiin\u00a0vuodenvaihteessa kaikkien aikojen korkeimmassa arvossaan yli 16 000 eurossa. T\u00e4m\u00e4n j\u00e4lkeen kryptovaluutta on halventunut noin puoleen. Samaan aikaan\u2026","rel":"","context":"Samankaltainen artikkeli","img":{"alt_text":"","src":"https:\/\/i0.wp.com\/porkkalanputki.fi\/web\/wp-content\/uploads\/2019\/01\/pexels-photo-730564.jpeg?resize=350%2C200&ssl=1","width":350,"height":200},"classes":[]}],"rttpg_featured_image_url":null,"rttpg_author":{"display_name":"admin","author_link":"https:\/\/porkkalanputki.fi\/web\/author\/putkipomo\/"},"rttpg_comment":0,"rttpg_category":null,"rttpg_excerpt":"Elektroninen urheilu eli e-urheilu on videopelien pelaamista kilpailullisesti.","_links":{"self":[{"href":"https:\/\/porkkalanputki.fi\/web\/wp-json\/wp\/v2\/pages\/65"}],"collection":[{"href":"https:\/\/porkkalanputki.fi\/web\/wp-json\/wp\/v2\/pages"}],"about":[{"href":"https:\/\/porkkalanputki.fi\/web\/wp-json\/wp\/v2\/types\/page"}],"author":[{"embeddable":true,"href":"https:\/\/porkkalanputki.fi\/web\/wp-json\/wp\/v2\/users\/1"}],"replies":[{"embeddable":true,"href":"https:\/\/porkkalanputki.fi\/web\/wp-json\/wp\/v2\/comments?post=65"}],"version-history":[{"count":2,"href":"https:\/\/porkkalanputki.fi\/web\/wp-json\/wp\/v2\/pages\/65\/revisions"}],"predecessor-version":[{"id":113,"href":"https:\/\/porkkalanputki.fi\/web\/wp-json\/wp\/v2\/pages\/65\/revisions\/113"}],"wp:attachment":[{"href":"https:\/\/porkkalanputki.fi\/web\/wp-json\/wp\/v2\/media?parent=65"}],"curies":[{"name":"wp","href":"https:\/\/api.w.org\/{rel}","templated":true}]}}