{"id":22,"date":"2019-01-09T18:35:17","date_gmt":"2019-01-09T16:35:17","guid":{"rendered":"https:\/\/porkkalanputki.fi\/web\/?page_id=22"},"modified":"2019-01-09T18:56:07","modified_gmt":"2019-01-09T16:56:07","slug":"pokeriammattilaisuus","status":"publish","type":"page","link":"https:\/\/porkkalanputki.fi\/web\/pokeriammattilaisuus\/","title":{"rendered":"Pokeri"},"content":{"rendered":"\n<figure class=\"wp-block-image\"><img data-attachment-id=\"35\" data-permalink=\"https:\/\/porkkalanputki.fi\/web\/pokeriammattilaisuus\/play-card-game-poker-poker-chips-39856\/\" data-orig-file=\"https:\/\/i0.wp.com\/porkkalanputki.fi\/web\/wp-content\/uploads\/2019\/01\/play-card-game-poker-poker-chips-39856.jpeg?fit=1280%2C850&amp;ssl=1\" data-orig-size=\"1280,850\" data-comments-opened=\"1\" data-image-meta=\"{&quot;aperture&quot;:&quot;0&quot;,&quot;credit&quot;:&quot;&quot;,&quot;camera&quot;:&quot;&quot;,&quot;caption&quot;:&quot;&quot;,&quot;created_timestamp&quot;:&quot;0&quot;,&quot;copyright&quot;:&quot;&quot;,&quot;focal_length&quot;:&quot;0&quot;,&quot;iso&quot;:&quot;0&quot;,&quot;shutter_speed&quot;:&quot;0&quot;,&quot;title&quot;:&quot;&quot;,&quot;orientation&quot;:&quot;0&quot;}\" data-image-title=\"play-card-game-poker-poker-chips-39856\" data-image-description=\"\" data-image-caption=\"\" data-medium-file=\"https:\/\/i0.wp.com\/porkkalanputki.fi\/web\/wp-content\/uploads\/2019\/01\/play-card-game-poker-poker-chips-39856.jpeg?fit=300%2C199&amp;ssl=1\" data-large-file=\"https:\/\/i0.wp.com\/porkkalanputki.fi\/web\/wp-content\/uploads\/2019\/01\/play-card-game-poker-poker-chips-39856.jpeg?fit=1024%2C680&amp;ssl=1\" loading=\"lazy\" width=\"1280\" height=\"850\" src=\"https:\/\/i1.wp.com\/porkkalanputki.fi\/web\/wp-content\/uploads\/2019\/01\/play-card-game-poker-poker-chips-39856.jpeg?fit=1024%2C680&amp;ssl=1\" alt=\"\" class=\"wp-image-35\" srcset=\"https:\/\/i0.wp.com\/porkkalanputki.fi\/web\/wp-content\/uploads\/2019\/01\/play-card-game-poker-poker-chips-39856.jpeg?w=2000&amp;ssl=1 2000w, https:\/\/i0.wp.com\/porkkalanputki.fi\/web\/wp-content\/uploads\/2019\/01\/play-card-game-poker-poker-chips-39856.jpeg?w=3000&amp;ssl=1 3000w\" sizes=\"(max-width: 1000px) 100vw, 1000px\" \/><\/figure>\n\n\n\n<p>Jos vuosia sitten haluasi tai unelmoi pokeriammattilaisuudesta, piti sit\u00e4 varten l\u00e4hte\u00e4 maailman kasinoille pelaamaan.<\/p>\n\n\n\n<p>Nyky\u00e4\u00e4n erilaiset online LIVE pokerip\u00f6yd\u00e4t ovat tuoneet pokeriammattilaisuusmahdollisuuden jokaisen kotisohvalle.<br><\/p>\n","protected":false},"excerpt":{"rendered":"<p>Jos vuosia sitten haluasi tai unelmoi pokeriammattilaisuudesta, piti sit\u00e4 varten l\u00e4hte\u00e4 maailman kasinoille pelaamaan. Nyky\u00e4\u00e4n erilaiset online LIVE pokerip\u00f6yd\u00e4t ovat tuoneet pokeriammattilaisuusmahdollisuuden jokaisen kotisohvalle.<\/p>\n","protected":false},"author":1,"featured_media":0,"parent":0,"menu_order":0,"comment_status":"closed","ping_status":"closed","template":"","meta":{"spay_email":""},"yoast_head":"<!-- This site is optimized with the Yoast SEO plugin v18.1 - https:\/\/yoast.com\/wordpress\/plugins\/seo\/ -->\n<title>Pokeri - Putkista nettiin<\/title>\n<meta name=\"robots\" content=\"index, follow, max-snippet:-1, max-image-preview:large, max-video-preview:-1\" \/>\n<link rel=\"canonical\" href=\"https:\/\/porkkalanputki.fi\/web\/pokeriammattilaisuus\/\" \/>\n<meta property=\"og:locale\" content=\"fi_FI\" \/>\n<meta property=\"og:type\" content=\"article\" \/>\n<meta property=\"og:title\" content=\"Pokeri - Putkista nettiin\" \/>\n<meta property=\"og:description\" content=\"Jos vuosia sitten haluasi tai unelmoi pokeriammattilaisuudesta, piti sit\u00e4 varten l\u00e4hte\u00e4 maailman kasinoille pelaamaan. Nyky\u00e4\u00e4n erilaiset online LIVE pokerip\u00f6yd\u00e4t ovat tuoneet pokeriammattilaisuusmahdollisuuden jokaisen kotisohvalle.\" \/>\n<meta property=\"og:url\" content=\"https:\/\/porkkalanputki.fi\/web\/pokeriammattilaisuus\/\" \/>\n<meta property=\"og:site_name\" content=\"Putkista nettiin\" \/>\n<meta property=\"article:modified_time\" content=\"2019-01-09T16:56:07+00:00\" \/>\n<meta property=\"og:image\" content=\"https:\/\/i1.wp.com\/porkkalanputki.fi\/web\/wp-content\/uploads\/2019\/01\/play-card-game-poker-poker-chips-39856.jpeg?fit=1024%2C680&#038;ssl=1\" \/>\n<meta name=\"twitter:card\" content=\"summary_large_image\" \/>\n<script type=\"application\/ld+json\" class=\"yoast-schema-graph\">{\"@context\":\"https:\/\/schema.org\",\"@graph\":[{\"@type\":\"WebSite\",\"@id\":\"https:\/\/porkkalanputki.fi\/web\/#website\",\"url\":\"https:\/\/porkkalanputki.fi\/web\/\",\"name\":\"Putkista nettiin\",\"description\":\"Nykyajan juttuja rahasta\",\"potentialAction\":[{\"@type\":\"SearchAction\",\"target\":{\"@type\":\"EntryPoint\",\"urlTemplate\":\"https:\/\/porkkalanputki.fi\/web\/?s={search_term_string}\"},\"query-input\":\"required name=search_term_string\"}],\"inLanguage\":\"fi\"},{\"@type\":\"ImageObject\",\"@id\":\"https:\/\/porkkalanputki.fi\/web\/pokeriammattilaisuus\/#primaryimage\",\"inLanguage\":\"fi\",\"url\":\"https:\/\/i1.wp.com\/porkkalanputki.fi\/web\/wp-content\/uploads\/2019\/01\/play-card-game-poker-poker-chips-39856.jpeg?fit=1024%2C680&amp;ssl=1\",\"contentUrl\":\"https:\/\/i1.wp.com\/porkkalanputki.fi\/web\/wp-content\/uploads\/2019\/01\/play-card-game-poker-poker-chips-39856.jpeg?fit=1024%2C680&amp;ssl=1\"},{\"@type\":\"WebPage\",\"@id\":\"https:\/\/porkkalanputki.fi\/web\/pokeriammattilaisuus\/#webpage\",\"url\":\"https:\/\/porkkalanputki.fi\/web\/pokeriammattilaisuus\/\",\"name\":\"Pokeri - Putkista nettiin\",\"isPartOf\":{\"@id\":\"https:\/\/porkkalanputki.fi\/web\/#website\"},\"primaryImageOfPage\":{\"@id\":\"https:\/\/porkkalanputki.fi\/web\/pokeriammattilaisuus\/#primaryimage\"},\"datePublished\":\"2019-01-09T16:35:17+00:00\",\"dateModified\":\"2019-01-09T16:56:07+00:00\",\"breadcrumb\":{\"@id\":\"https:\/\/porkkalanputki.fi\/web\/pokeriammattilaisuus\/#breadcrumb\"},\"inLanguage\":\"fi\",\"potentialAction\":[{\"@type\":\"ReadAction\",\"target\":[\"https:\/\/porkkalanputki.fi\/web\/pokeriammattilaisuus\/\"]}]},{\"@type\":\"BreadcrumbList\",\"@id\":\"https:\/\/porkkalanputki.fi\/web\/pokeriammattilaisuus\/#breadcrumb\",\"itemListElement\":[{\"@type\":\"ListItem\",\"position\":1,\"name\":\"Home\",\"item\":\"https:\/\/porkkalanputki.fi\/web\/\"},{\"@type\":\"ListItem\",\"position\":2,\"name\":\"Pokeri\"}]}]}<\/script>\n<!-- \/ Yoast SEO plugin. -->","yoast_head_json":{"title":"Pokeri - Putkista nettiin","robots":{"index":"index","follow":"follow","max-snippet":"max-snippet:-1","max-image-preview":"max-image-preview:large","max-video-preview":"max-video-preview:-1"},"canonical":"https:\/\/porkkalanputki.fi\/web\/pokeriammattilaisuus\/","og_locale":"fi_FI","og_type":"article","og_title":"Pokeri - Putkista nettiin","og_description":"Jos vuosia sitten haluasi tai unelmoi pokeriammattilaisuudesta, piti sit\u00e4 varten l\u00e4hte\u00e4 maailman kasinoille pelaamaan. Nyky\u00e4\u00e4n erilaiset online LIVE pokerip\u00f6yd\u00e4t ovat tuoneet pokeriammattilaisuusmahdollisuuden jokaisen kotisohvalle.","og_url":"https:\/\/porkkalanputki.fi\/web\/pokeriammattilaisuus\/","og_site_name":"Putkista nettiin","article_modified_time":"2019-01-09T16:56:07+00:00","og_image":[{"url":"https:\/\/i1.wp.com\/porkkalanputki.fi\/web\/wp-content\/uploads\/2019\/01\/play-card-game-poker-poker-chips-39856.jpeg?fit=1024%2C680&amp;ssl=1"}],"twitter_card":"summary_large_image","schema":{"@context":"https:\/\/schema.org","@graph":[{"@type":"WebSite","@id":"https:\/\/porkkalanputki.fi\/web\/#website","url":"https:\/\/porkkalanputki.fi\/web\/","name":"Putkista nettiin","description":"Nykyajan juttuja rahasta","potentialAction":[{"@type":"SearchAction","target":{"@type":"EntryPoint","urlTemplate":"https:\/\/porkkalanputki.fi\/web\/?s={search_term_string}"},"query-input":"required name=search_term_string"}],"inLanguage":"fi"},{"@type":"ImageObject","@id":"https:\/\/porkkalanputki.fi\/web\/pokeriammattilaisuus\/#primaryimage","inLanguage":"fi","url":"https:\/\/i1.wp.com\/porkkalanputki.fi\/web\/wp-content\/uploads\/2019\/01\/play-card-game-poker-poker-chips-39856.jpeg?fit=1024%2C680&amp;ssl=1","contentUrl":"https:\/\/i1.wp.com\/porkkalanputki.fi\/web\/wp-content\/uploads\/2019\/01\/play-card-game-poker-poker-chips-39856.jpeg?fit=1024%2C680&amp;ssl=1"},{"@type":"WebPage","@id":"https:\/\/porkkalanputki.fi\/web\/pokeriammattilaisuus\/#webpage","url":"https:\/\/porkkalanputki.fi\/web\/pokeriammattilaisuus\/","name":"Pokeri - Putkista nettiin","isPartOf":{"@id":"https:\/\/porkkalanputki.fi\/web\/#website"},"primaryImageOfPage":{"@id":"https:\/\/porkkalanputki.fi\/web\/pokeriammattilaisuus\/#primaryimage"},"datePublished":"2019-01-09T16:35:17+00:00","dateModified":"2019-01-09T16:56:07+00:00","breadcrumb":{"@id":"https:\/\/porkkalanputki.fi\/web\/pokeriammattilaisuus\/#breadcrumb"},"inLanguage":"fi","potentialAction":[{"@type":"ReadAction","target":["https:\/\/porkkalanputki.fi\/web\/pokeriammattilaisuus\/"]}]},{"@type":"BreadcrumbList","@id":"https:\/\/porkkalanputki.fi\/web\/pokeriammattilaisuus\/#breadcrumb","itemListElement":[{"@type":"ListItem","position":1,"name":"Home","item":"https:\/\/porkkalanputki.fi\/web\/"},{"@type":"ListItem","position":2,"name":"Pokeri"}]}]}},"jetpack_sharing_enabled":true,"jetpack_shortlink":"https:\/\/wp.me\/PaBfjx-m","jetpack-related-posts":[],"rttpg_featured_image_url":null,"rttpg_author":{"display_name":"admin","author_link":"https:\/\/porkkalanputki.fi\/web\/author\/putkipomo\/"},"rttpg_comment":0,"rttpg_category":null,"rttpg_excerpt":"Jos vuosia sitten haluasi tai unelmoi pokeriammattilaisuudesta, piti sit\u00e4 varten l\u00e4hte\u00e4 maailman kasinoille pelaamaan. Nyky\u00e4\u00e4n erilaiset online LIVE pokerip\u00f6yd\u00e4t ovat tuoneet pokeriammattilaisuusmahdollisuuden jokaisen kotisohvalle.","_links":{"self":[{"href":"https:\/\/porkkalanputki.fi\/web\/wp-json\/wp\/v2\/pages\/22"}],"collection":[{"href":"https:\/\/porkkalanputki.fi\/web\/wp-json\/wp\/v2\/pages"}],"about":[{"href":"https:\/\/porkkalanputki.fi\/web\/wp-json\/wp\/v2\/types\/page"}],"author":[{"embeddable":true,"href":"https:\/\/porkkalanputki.fi\/web\/wp-json\/wp\/v2\/users\/1"}],"replies":[{"embeddable":true,"href":"https:\/\/porkkalanputki.fi\/web\/wp-json\/wp\/v2\/comments?post=22"}],"version-history":[{"count":3,"href":"https:\/\/porkkalanputki.fi\/web\/wp-json\/wp\/v2\/pages\/22\/revisions"}],"predecessor-version":[{"id":57,"href":"https:\/\/porkkalanputki.fi\/web\/wp-json\/wp\/v2\/pages\/22\/revisions\/57"}],"wp:attachment":[{"href":"https:\/\/porkkalanputki.fi\/web\/wp-json\/wp\/v2\/media?parent=22"}],"curies":[{"name":"wp","href":"https:\/\/api.w.org\/{rel}","templated":true}]}}