{"id":174,"date":"2020-04-24T09:40:58","date_gmt":"2020-04-24T06:40:58","guid":{"rendered":"https:\/\/porkkalanputki.fi\/web\/?page_id=174"},"modified":"2022-02-06T12:16:49","modified_gmt":"2022-02-06T10:16:49","slug":"ajanvietetta-aikuisille","status":"publish","type":"page","link":"https:\/\/porkkalanputki.fi\/web\/ajanvietetta-aikuisille\/","title":{"rendered":"Ajanvietett\u00e4"},"content":{"rendered":"\n<figure class=\"wp-block-image size-large\"><img data-attachment-id=\"175\" data-permalink=\"https:\/\/porkkalanputki.fi\/web\/ajanvietetta-aikuisille\/blue-green-and-purple-poker-chips-39856\/\" data-orig-file=\"https:\/\/i0.wp.com\/porkkalanputki.fi\/web\/wp-content\/uploads\/2020\/04\/blue-green-and-purple-poker-chips-39856.jpg?fit=1280%2C850&amp;ssl=1\" data-orig-size=\"1280,850\" data-comments-opened=\"1\" data-image-meta=\"{&quot;aperture&quot;:&quot;0&quot;,&quot;credit&quot;:&quot;&quot;,&quot;camera&quot;:&quot;&quot;,&quot;caption&quot;:&quot;&quot;,&quot;created_timestamp&quot;:&quot;0&quot;,&quot;copyright&quot;:&quot;&quot;,&quot;focal_length&quot;:&quot;0&quot;,&quot;iso&quot;:&quot;0&quot;,&quot;shutter_speed&quot;:&quot;0&quot;,&quot;title&quot;:&quot;&quot;,&quot;orientation&quot;:&quot;0&quot;}\" data-image-title=\"blue-green-and-purple-poker-chips-39856\" data-image-description=\"\" data-image-caption=\"\" data-medium-file=\"https:\/\/i0.wp.com\/porkkalanputki.fi\/web\/wp-content\/uploads\/2020\/04\/blue-green-and-purple-poker-chips-39856.jpg?fit=300%2C199&amp;ssl=1\" data-large-file=\"https:\/\/i0.wp.com\/porkkalanputki.fi\/web\/wp-content\/uploads\/2020\/04\/blue-green-and-purple-poker-chips-39856.jpg?fit=1024%2C680&amp;ssl=1\" loading=\"lazy\" width=\"1280\" height=\"850\" src=\"https:\/\/i2.wp.com\/porkkalanputki.fi\/web\/wp-content\/uploads\/2020\/04\/blue-green-and-purple-poker-chips-39856.jpg?fit=1024%2C680&amp;ssl=1\" alt=\"\" class=\"wp-image-175\" srcset=\"https:\/\/i0.wp.com\/porkkalanputki.fi\/web\/wp-content\/uploads\/2020\/04\/blue-green-and-purple-poker-chips-39856.jpg?w=2000&amp;ssl=1 2000w, https:\/\/i0.wp.com\/porkkalanputki.fi\/web\/wp-content\/uploads\/2020\/04\/blue-green-and-purple-poker-chips-39856.jpg?w=3000&amp;ssl=1 3000w\" sizes=\"(max-width: 1000px) 100vw, 1000px\" \/><\/figure>\n\n\n\n<p>Kasinot ilman rekister\u00f6itymist\u00e4 <a href=\"https:\/\/bonusetu.com\/nettikasinot-ilman-rekisteroitymista\/\" target=\"_blank\" rel=\"noreferrer noopener\">l\u00f6yd\u00e4t t\u00e4\u00e4lt\u00e4<\/a>, ja se on yksi uusimmista nettikasinomarkkinoiden markkinointikeinoista. Siin\u00e4 pelaaja p\u00e4\u00e4see pelaamaan suoraan omilla pankkitunnuksillaan eik\u00e4 h\u00e4nen tarvitse luoda omaa pelitili\u00e4.<\/p>\n\n\n\n<p>Nettikasinomarkkinat kehittelev\u00e4t uusia palveluita kuukausittain ja ala kasvaa jatkuvasti koko maailmassa.<\/p>\n\n\n\n<ul class=\"has-white-color has-vivid-red-background-color has-text-color has-background\"><li>\u00e4l\u00e4 pelaa enemm\u00e4n kuin mit\u00e4 sinulla on varaa h\u00e4vit\u00e4<\/li><li>muista ett\u00e4 pelatessasi rahapelej\u00e4, sinun tulee olla yli 18-vuotias!<\/li><li>muista oman pelaamisen vastuullisuus<\/li><li>kaikissa kasinopeleiss\u00e4 ratkaisee onni, ei taito<\/li><li>muista ett\u00e4 kasinolla on kaikissa peleiss\u00e4 talon etu<\/li><\/ul>\n\n\n\n<div class=\"wp-block-columns\">\n<div class=\"wp-block-column\">\n<a target=\"_blank\" href=\"https:\/\/media.betinia.com\/redirect.aspx?pid=1659092&amp;bid=7098\" rel=\"noopener\"><img loading=\"lazy\" src=\"https:\/\/media.mvcdn.net\/banner.php?ad=33297&amp;i=4583\" width=\"250\" height=\"250\"><\/a>\n<\/div>\n\n\n\n<div class=\"wp-block-column\">\n<a target=\"_blank\" href=\"https:\/\/marketing.allincasino.com\/C.ashx?btag=a_88b_5c_&amp;affid=13&amp;siteid=88&amp;adid=5&amp;c=\" rel=\"noopener\"><img loading=\"lazy\" src=\"https:\/\/media.mvcdn.net\/banner.php?ad=36401&amp;i=4583\" width=\"250\" height=\"250\"><\/a>\n<\/div>\n\n\n\n<div class=\"wp-block-column\">\n<a target=\"_blank\" href=\"https:\/\/media.heroaffiliates.com\/redirect.aspx?pid=279638&amp;bid=3856\" rel=\"noopener\"><img loading=\"lazy\" src=\"https:\/\/media.mvcdn.net\/banner.php?ad=30874&amp;i=4583\" width=\"250\" height=\"250\"><\/a>\n<\/div>\n<\/div>\n\n\n\n<p class=\"has-text-align-center\">Testaa eri kasinoita, kokeile pelata &#8211; hae bonukset &#8211; hae ilmaiskierrokset &#8211; ja nauti pelaamisesta suomalaiseen makuun.<\/p>\n\n\n\n<div class=\"wp-block-columns\">\n<div class=\"wp-block-column\">\n<a target=\"_blank\" href=\"https:\/\/go.rootzaffiliates.com\/visit\/?bta=101891&amp;nci=5381&amp;utm_campaign=FI\" rel=\"noopener\"><img loading=\"lazy\" src=\"https:\/\/media.mvcdn.net\/banner.php?ad=35315&amp;i=4583\" width=\"250\" height=\"250\"><\/a>\n<\/div>\n\n\n\n<div class=\"wp-block-column\">\n<a target=\"_blank\" href=\"https:\/\/record.glitnoraffiliates.com\/_lbzREmxUZnsd2bMnnkYwymNd7ZgqdRLk\/4\" rel=\"noopener\"><img loading=\"lazy\" src=\"https:\/\/media.mvcdn.net\/banner.php?ad=23951&amp;i=4583\" width=\"250\" height=\"250\"><\/a>\n<\/div>\n\n\n\n<div class=\"wp-block-column\">\n<a target=\"_blank\" href=\"http:\/\/ads.mrgreen.com\/redirect.aspx?pid=4367636&amp;bid=2534\" rel=\"noopener\"><img loading=\"lazy\" src=\"https:\/\/media.mvcdn.net\/banner.php?ad=10373&amp;i=4583\" width=\"250\" height=\"250\"><\/a>\n<\/div>\n<\/div>\n\n\n\n<p class=\"has-text-align-center\"> Testaa eri kasinoita, kokeile pelata &#8211; hae bonukset &#8211; hae ilmaiskierrokset &#8211; ja nauti pelaamisesta suomalaiseen makuun. <\/p>\n\n\n\n<div class=\"wp-block-columns\">\n<div class=\"wp-block-column\">\n<a target=\"_blank\" href=\"https:\/\/affmore.com\/click\/1\/1FDA21135B9211E5AEB995B977136C93\" rel=\"noopener\"><img loading=\"lazy\" src=\"https:\/\/media.mvcdn.net\/banner.php?ad=33460&amp;i=4583\" width=\"250\" height=\"250\"><\/a>\n<\/div>\n\n\n\n<div class=\"wp-block-column\">\n<a target=\"_blank\" href=\"https:\/\/media.nomini.com\/redirect.aspx?pid=280353&amp;bid=5144\" rel=\"noopener\"><img loading=\"lazy\" src=\"https:\/\/media.mvcdn.net\/banner.php?ad=30479&amp;i=4583\" width=\"250\" height=\"250\"><\/a>\n<\/div>\n\n\n\n<div class=\"wp-block-column\">\n<a target=\"_blank\" href=\"https:\/\/go.rootzaffiliates.com\/visit\/?bta=102827&amp;nci=5631&amp;utm_campaign=FI\" rel=\"noopener\"><img loading=\"lazy\" src=\"https:\/\/media.mvcdn.net\/banner.php?ad=35256&amp;i=4583\" width=\"250\" height=\"250\"><\/a>\n<\/div>\n<\/div>\n\n\n\n<p class=\"has-text-align-center\">Teimme ensimm\u00e4isen rajauksen ja toimme n\u00e4m\u00e4 kasinot tarjouksineen sinulle tarjolle &#8211; nyt vain pelaamaan kasinolle<\/p>\n\n\n\n<div align=\"center\"><a target=\"_blank\" href=\"https:\/\/ivyaffsolutions.com\/C.ashx?btag=a_19311b_619c_&amp;affid=3983&amp;siteid=19311&amp;adid=619&amp;c=\" rel=\"noopener\"><img loading=\"lazy\" src=\"https:\/\/media.mvcdn.net\/banner.php?ad=35075&amp;i=4583\" width=\"728\" height=\"90\"><\/a><\/div>\n\n\n\n<div style=\"height:44px\" aria-hidden=\"true\" class=\"wp-block-spacer\"><\/div>\n","protected":false},"excerpt":{"rendered":"<p>Kasinot ilman rekister\u00f6itymist\u00e4 l\u00f6yd\u00e4t t\u00e4\u00e4lt\u00e4, ja se on yksi uusimmista nettikasinomarkkinoiden markkinointikeinoista. Siin\u00e4 pelaaja p\u00e4\u00e4see pelaamaan suoraan omilla pankkitunnuksillaan eik\u00e4 h\u00e4nen tarvitse luoda omaa pelitili\u00e4. Nettikasinomarkkinat kehittelev\u00e4t uusia palveluita kuukausittain ja ala kasvaa jatkuvasti koko maailmassa. \u00e4l\u00e4 pelaa enemm\u00e4n kuin mit\u00e4 sinulla on varaa h\u00e4vit\u00e4 muista ett\u00e4 pelatessasi rahapelej\u00e4, sinun tulee olla yli 18-vuotias! muista<br \/><a class=\"moretag\" href=\"https:\/\/porkkalanputki.fi\/web\/ajanvietetta-aikuisille\/\">+ Read More<\/a><\/p>\n","protected":false},"author":1,"featured_media":0,"parent":0,"menu_order":0,"comment_status":"closed","ping_status":"closed","template":"","meta":{"spay_email":""},"yoast_head":"<!-- This site is optimized with the Yoast SEO plugin v18.1 - https:\/\/yoast.com\/wordpress\/plugins\/seo\/ -->\n<title>Ajanvietett\u00e4 - Putkista nettiin<\/title>\n<meta name=\"description\" content=\"Kasinot ilman rekister\u00f6itymist\u00e4 on yksi uusimmista nettikasinomarkkinoiden markkinointikeinoista. Siin\u00e4 pelaaja p\u00e4\u00e4see pelaamaan suoraan omilla pankkitunnuksillaan eik\u00e4 h\u00e4nen tarvitse luoda omaa pelitili\u00e4.\" \/>\n<meta name=\"robots\" content=\"index, follow, max-snippet:-1, max-image-preview:large, max-video-preview:-1\" \/>\n<link rel=\"canonical\" href=\"https:\/\/porkkalanputki.fi\/web\/ajanvietetta-aikuisille\/\" \/>\n<meta property=\"og:locale\" content=\"fi_FI\" \/>\n<meta property=\"og:type\" content=\"article\" \/>\n<meta property=\"og:title\" content=\"Ajanvietett\u00e4 - Putkista nettiin\" \/>\n<meta property=\"og:description\" content=\"Kasinot ilman rekister\u00f6itymist\u00e4 on yksi uusimmista nettikasinomarkkinoiden markkinointikeinoista. Siin\u00e4 pelaaja p\u00e4\u00e4see pelaamaan suoraan omilla pankkitunnuksillaan eik\u00e4 h\u00e4nen tarvitse luoda omaa pelitili\u00e4.\" \/>\n<meta property=\"og:url\" content=\"https:\/\/porkkalanputki.fi\/web\/ajanvietetta-aikuisille\/\" \/>\n<meta property=\"og:site_name\" content=\"Putkista nettiin\" \/>\n<meta property=\"article:modified_time\" content=\"2022-02-06T10:16:49+00:00\" \/>\n<meta property=\"og:image\" content=\"https:\/\/i2.wp.com\/porkkalanputki.fi\/web\/wp-content\/uploads\/2020\/04\/blue-green-and-purple-poker-chips-39856.jpg?fit=1024%2C680&#038;ssl=1\" \/>\n<meta name=\"twitter:card\" content=\"summary_large_image\" \/>\n<meta name=\"twitter:label1\" content=\"Arvioitu lukuaika\" \/>\n\t<meta name=\"twitter:data1\" content=\"3 minuuttia\" \/>\n<script type=\"application\/ld+json\" class=\"yoast-schema-graph\">{\"@context\":\"https:\/\/schema.org\",\"@graph\":[{\"@type\":\"WebSite\",\"@id\":\"https:\/\/porkkalanputki.fi\/web\/#website\",\"url\":\"https:\/\/porkkalanputki.fi\/web\/\",\"name\":\"Putkista nettiin\",\"description\":\"Nykyajan juttuja rahasta\",\"potentialAction\":[{\"@type\":\"SearchAction\",\"target\":{\"@type\":\"EntryPoint\",\"urlTemplate\":\"https:\/\/porkkalanputki.fi\/web\/?s={search_term_string}\"},\"query-input\":\"required name=search_term_string\"}],\"inLanguage\":\"fi\"},{\"@type\":\"ImageObject\",\"@id\":\"https:\/\/porkkalanputki.fi\/web\/ajanvietetta-aikuisille\/#primaryimage\",\"inLanguage\":\"fi\",\"url\":\"https:\/\/i2.wp.com\/porkkalanputki.fi\/web\/wp-content\/uploads\/2020\/04\/blue-green-and-purple-poker-chips-39856.jpg?fit=1024%2C680&amp;ssl=1\",\"contentUrl\":\"https:\/\/i2.wp.com\/porkkalanputki.fi\/web\/wp-content\/uploads\/2020\/04\/blue-green-and-purple-poker-chips-39856.jpg?fit=1024%2C680&amp;ssl=1\"},{\"@type\":\"WebPage\",\"@id\":\"https:\/\/porkkalanputki.fi\/web\/ajanvietetta-aikuisille\/#webpage\",\"url\":\"https:\/\/porkkalanputki.fi\/web\/ajanvietetta-aikuisille\/\",\"name\":\"Ajanvietett\u00e4 - Putkista nettiin\",\"isPartOf\":{\"@id\":\"https:\/\/porkkalanputki.fi\/web\/#website\"},\"primaryImageOfPage\":{\"@id\":\"https:\/\/porkkalanputki.fi\/web\/ajanvietetta-aikuisille\/#primaryimage\"},\"datePublished\":\"2020-04-24T06:40:58+00:00\",\"dateModified\":\"2022-02-06T10:16:49+00:00\",\"description\":\"Kasinot ilman rekister\u00f6itymist\u00e4 on yksi uusimmista nettikasinomarkkinoiden markkinointikeinoista. Siin\u00e4 pelaaja p\u00e4\u00e4see pelaamaan suoraan omilla pankkitunnuksillaan eik\u00e4 h\u00e4nen tarvitse luoda omaa pelitili\u00e4.\",\"breadcrumb\":{\"@id\":\"https:\/\/porkkalanputki.fi\/web\/ajanvietetta-aikuisille\/#breadcrumb\"},\"inLanguage\":\"fi\",\"potentialAction\":[{\"@type\":\"ReadAction\",\"target\":[\"https:\/\/porkkalanputki.fi\/web\/ajanvietetta-aikuisille\/\"]}]},{\"@type\":\"BreadcrumbList\",\"@id\":\"https:\/\/porkkalanputki.fi\/web\/ajanvietetta-aikuisille\/#breadcrumb\",\"itemListElement\":[{\"@type\":\"ListItem\",\"position\":1,\"name\":\"Home\",\"item\":\"https:\/\/porkkalanputki.fi\/web\/\"},{\"@type\":\"ListItem\",\"position\":2,\"name\":\"Ajanvietett\u00e4\"}]}]}<\/script>\n<!-- \/ Yoast SEO plugin. -->","yoast_head_json":{"title":"Ajanvietett\u00e4 - Putkista nettiin","description":"Kasinot ilman rekister\u00f6itymist\u00e4 on yksi uusimmista nettikasinomarkkinoiden markkinointikeinoista. Siin\u00e4 pelaaja p\u00e4\u00e4see pelaamaan suoraan omilla pankkitunnuksillaan eik\u00e4 h\u00e4nen tarvitse luoda omaa pelitili\u00e4.","robots":{"index":"index","follow":"follow","max-snippet":"max-snippet:-1","max-image-preview":"max-image-preview:large","max-video-preview":"max-video-preview:-1"},"canonical":"https:\/\/porkkalanputki.fi\/web\/ajanvietetta-aikuisille\/","og_locale":"fi_FI","og_type":"article","og_title":"Ajanvietett\u00e4 - Putkista nettiin","og_description":"Kasinot ilman rekister\u00f6itymist\u00e4 on yksi uusimmista nettikasinomarkkinoiden markkinointikeinoista. Siin\u00e4 pelaaja p\u00e4\u00e4see pelaamaan suoraan omilla pankkitunnuksillaan eik\u00e4 h\u00e4nen tarvitse luoda omaa pelitili\u00e4.","og_url":"https:\/\/porkkalanputki.fi\/web\/ajanvietetta-aikuisille\/","og_site_name":"Putkista nettiin","article_modified_time":"2022-02-06T10:16:49+00:00","og_image":[{"url":"https:\/\/i2.wp.com\/porkkalanputki.fi\/web\/wp-content\/uploads\/2020\/04\/blue-green-and-purple-poker-chips-39856.jpg?fit=1024%2C680&amp;ssl=1"}],"twitter_card":"summary_large_image","twitter_misc":{"Arvioitu lukuaika":"3 minuuttia"},"schema":{"@context":"https:\/\/schema.org","@graph":[{"@type":"WebSite","@id":"https:\/\/porkkalanputki.fi\/web\/#website","url":"https:\/\/porkkalanputki.fi\/web\/","name":"Putkista nettiin","description":"Nykyajan juttuja rahasta","potentialAction":[{"@type":"SearchAction","target":{"@type":"EntryPoint","urlTemplate":"https:\/\/porkkalanputki.fi\/web\/?s={search_term_string}"},"query-input":"required name=search_term_string"}],"inLanguage":"fi"},{"@type":"ImageObject","@id":"https:\/\/porkkalanputki.fi\/web\/ajanvietetta-aikuisille\/#primaryimage","inLanguage":"fi","url":"https:\/\/i2.wp.com\/porkkalanputki.fi\/web\/wp-content\/uploads\/2020\/04\/blue-green-and-purple-poker-chips-39856.jpg?fit=1024%2C680&amp;ssl=1","contentUrl":"https:\/\/i2.wp.com\/porkkalanputki.fi\/web\/wp-content\/uploads\/2020\/04\/blue-green-and-purple-poker-chips-39856.jpg?fit=1024%2C680&amp;ssl=1"},{"@type":"WebPage","@id":"https:\/\/porkkalanputki.fi\/web\/ajanvietetta-aikuisille\/#webpage","url":"https:\/\/porkkalanputki.fi\/web\/ajanvietetta-aikuisille\/","name":"Ajanvietett\u00e4 - Putkista nettiin","isPartOf":{"@id":"https:\/\/porkkalanputki.fi\/web\/#website"},"primaryImageOfPage":{"@id":"https:\/\/porkkalanputki.fi\/web\/ajanvietetta-aikuisille\/#primaryimage"},"datePublished":"2020-04-24T06:40:58+00:00","dateModified":"2022-02-06T10:16:49+00:00","description":"Kasinot ilman rekister\u00f6itymist\u00e4 on yksi uusimmista nettikasinomarkkinoiden markkinointikeinoista. Siin\u00e4 pelaaja p\u00e4\u00e4see pelaamaan suoraan omilla pankkitunnuksillaan eik\u00e4 h\u00e4nen tarvitse luoda omaa pelitili\u00e4.","breadcrumb":{"@id":"https:\/\/porkkalanputki.fi\/web\/ajanvietetta-aikuisille\/#breadcrumb"},"inLanguage":"fi","potentialAction":[{"@type":"ReadAction","target":["https:\/\/porkkalanputki.fi\/web\/ajanvietetta-aikuisille\/"]}]},{"@type":"BreadcrumbList","@id":"https:\/\/porkkalanputki.fi\/web\/ajanvietetta-aikuisille\/#breadcrumb","itemListElement":[{"@type":"ListItem","position":1,"name":"Home","item":"https:\/\/porkkalanputki.fi\/web\/"},{"@type":"ListItem","position":2,"name":"Ajanvietett\u00e4"}]}]}},"jetpack_sharing_enabled":true,"jetpack_shortlink":"https:\/\/wp.me\/PaBfjx-2O","jetpack-related-posts":[{"id":69,"url":"https:\/\/porkkalanputki.fi\/web\/livepoydat\/","url_meta":{"origin":174,"position":0},"title":"Livep\u00f6yd\u00e4t","date":"09\/01\/2019","format":false,"excerpt":"\u00e4l\u00e4 pelaa enemm\u00e4n kuin mit\u00e4 sinulla on varaa h\u00e4vit\u00e4muista ett\u00e4 pelatessasi rahapelej\u00e4, sinun tulee olla yli 18-vuotias!muista oman pelaamisen vastuullisuuskaikissa kasinopeleiss\u00e4 ratkaisee onni, ei taitomuista ett\u00e4 kasinolla on kaikissa peleiss\u00e4 talon etu Testaa eri kasinoita, kokeile pelata - hae bonukset - hae ilmaiskierrokset - ja nauti pelaamisesta suomalaiseen makuun. Testaa\u2026","rel":"","context":"Samankaltainen artikkeli","img":{"alt_text":"","src":"https:\/\/media.mvcdn.net\/banner.php","width":350,"height":200},"classes":[]},{"id":73,"url":"https:\/\/porkkalanputki.fi\/web\/mobiilipelit\/","url_meta":{"origin":174,"position":1},"title":"Mobiilipelit","date":"09\/01\/2019","format":false,"excerpt":"https:\/\/bonusetu.com\/nettikasinot-ilman-rekisteroitymista\/ \u00e4l\u00e4 pelaa enemm\u00e4n kuin mit\u00e4 sinulla on varaa h\u00e4vit\u00e4muista ett\u00e4 pelatessasi rahapelej\u00e4, sinun tulee olla yli 18-vuotias!muista oman pelaamisen vastuullisuuskaikissa kasinopeleiss\u00e4 ratkaisee onni, ei taitomuista ett\u00e4 kasinolla on kaikissa peleiss\u00e4 talon etu Testaa eri kasinoita, kokeile pelata - hae bonukset - hae ilmaiskierrokset - ja nauti pelaamisesta suomalaiseen makuun.\u2026","rel":"","context":"Samankaltainen artikkeli","img":{"alt_text":"","src":"https:\/\/media.mvcdn.net\/banner.php","width":350,"height":200},"classes":[]},{"id":37,"url":"https:\/\/porkkalanputki.fi\/web\/nettikasinot\/","url_meta":{"origin":174,"position":2},"title":"Kasinot","date":"09\/01\/2019","format":false,"excerpt":"Ennen kasinolle piti varta vasten pukeuta ja menn\u00e4. Nyky\u00e4\u00e4n kasinot ovat siell\u00e4 miss\u00e4 pelaatkin, netiss\u00e4 ja mobiilissa. \u00e4l\u00e4 pelaa enemm\u00e4n kuin mit\u00e4 sinulla on varaa h\u00e4vit\u00e4muista ett\u00e4 pelatessasi rahapelej\u00e4, sinun tulee olla yli 18-vuotias!muista oman pelaamisen vastuullisuuskaikissa kasinopeleiss\u00e4 ratkaisee onni, ei taitomuista ett\u00e4 kasinolla on kaikissa peleiss\u00e4 talon etu Testaa\u2026","rel":"","context":"Samankaltainen artikkeli","img":{"alt_text":"","src":"https:\/\/i0.wp.com\/porkkalanputki.fi\/web\/wp-content\/uploads\/2019\/01\/valkyrie.jpg?resize=350%2C200&ssl=1","width":350,"height":200},"classes":[]},{"id":20,"url":"https:\/\/porkkalanputki.fi\/web\/etatyo\/","url_meta":{"origin":174,"position":3},"title":"Et\u00e4ty\u00f6","date":"09\/01\/2019","format":false,"excerpt":"Ansaitse kotona ollessasi eli tee t\u00f6it\u00e4 kotoa k\u00e4sin! Voit aloittaa heti ty\u00f6skentelem\u00e4\u00e4n s\u00e4hk\u00f6postitse\/tekstiviestitse kotoa k\u00e4sin. T\u00f6it\u00e4 mobiililaitteella. Et\u00e4ty\u00f6 ja vapaat ty\u00f6ajat. Kirjoita ty\u00f6ksesi. Palkkiot viikottain. Palvelut: Joustava ty\u00f6, Ty\u00f6skentele kotoa, P\u00e4\u00e4t\u00e4 ty\u00f6aikasi. Et\u00e4ty\u00f6 on ty\u00f6t\u00e4, joka tehd\u00e4\u00e4n kiinte\u00e4n toimiston ulkopuolella, esimerkiksi kotoa, et\u00e4pisteest\u00e4, hotellista tai liikkuvasta toimistosta k\u00e4sin. Uusista tavoista\u2026","rel":"","context":"Samankaltainen artikkeli","img":{"alt_text":"","src":"https:\/\/i0.wp.com\/porkkalanputki.fi\/web\/wp-content\/uploads\/2019\/01\/pexels-photo-1288483.jpeg?resize=350%2C200&ssl=1","width":350,"height":200},"classes":[]},{"id":79,"url":"https:\/\/porkkalanputki.fi\/web\/youtube\/","url_meta":{"origin":174,"position":4},"title":"YouTube","date":"09\/01\/2019","format":false,"excerpt":"YouTube on yh\u00e4 se suurin ja katsotuin sek\u00e4 ladatuin paikka kotivideoille ja paljon muullekin jo nyky\u00e4\u00e4n. YouTube tarjoaa paljon my\u00f6s vedonly\u00f6nnist\u00e4 kiinnostuneille ja muille pelaamisen yst\u00e4ville. Esimerkki 1 On sitten kyse livepelaamisesta tai pitk\u00e4vedosta, aina jos aiot pelata isommalla raham\u00e4\u00e4r\u00e4ll\u00e4, on hyv\u00e4 mietti\u00e4 sit\u00e4 omaa taktiikkaa ja ennenkaikkea sit\u00e4 omaa\u2026","rel":"","context":"Samankaltainen artikkeli","img":{"alt_text":"","src":"https:\/\/i0.wp.com\/porkkalanputki.fi\/web\/wp-content\/uploads\/2020\/10\/jalkapalloa.jpg?resize=350%2C200&ssl=1","width":350,"height":200},"classes":[]},{"id":76,"url":"https:\/\/porkkalanputki.fi\/web\/striimaus\/","url_meta":{"origin":174,"position":5},"title":"Striimaus","date":"09\/01\/2019","format":false,"excerpt":"Striimaus eli streaming eli suoratoisto kuten YouTube tai Twitch kanavat. Striimaus on yksinkertaisimmillaan videokuvan ja \u00e4\u00e4nen v\u00e4litt\u00e4mist\u00e4 eteenp\u00e4in tietoverkoissa. Suomenkielinen vastine \u2019suoratoisto\u2019 kuvastaa striimausta hyvin, sill\u00e4 se erottaa striimauksen tiedoston lataamisesta. Yksinkertaistettuna ero on siin\u00e4, ett\u00e4 videon katselu voidaan aloittaa, vaikka vain pieni osa aineistosta on v\u00e4litetty katsojalle. Siihen yksinkertaisuus\u2026","rel":"","context":"Samankaltainen artikkeli","img":{"alt_text":"","src":"","width":0,"height":0},"classes":[]}],"rttpg_featured_image_url":null,"rttpg_author":{"display_name":"admin","author_link":"https:\/\/porkkalanputki.fi\/web\/author\/putkipomo\/"},"rttpg_comment":0,"rttpg_category":null,"rttpg_excerpt":"Kasinot ilman rekister\u00f6itymist\u00e4 l\u00f6yd\u00e4t t\u00e4\u00e4lt\u00e4, ja se on yksi uusimmista nettikasinomarkkinoiden markkinointikeinoista. Siin\u00e4 pelaaja p\u00e4\u00e4see pelaamaan suoraan omilla pankkitunnuksillaan eik\u00e4 h\u00e4nen tarvitse luoda omaa pelitili\u00e4. Nettikasinomarkkinat kehittelev\u00e4t uusia palveluita kuukausittain ja ala kasvaa jatkuvasti koko maailmassa. \u00e4l\u00e4 pelaa enemm\u00e4n kuin mit\u00e4 sinulla on varaa h\u00e4vit\u00e4 muista ett\u00e4 pelatessasi rahapelej\u00e4, sinun tulee olla yli 18-vuotias! muista+&hellip;","_links":{"self":[{"href":"https:\/\/porkkalanputki.fi\/web\/wp-json\/wp\/v2\/pages\/174"}],"collection":[{"href":"https:\/\/porkkalanputki.fi\/web\/wp-json\/wp\/v2\/pages"}],"about":[{"href":"https:\/\/porkkalanputki.fi\/web\/wp-json\/wp\/v2\/types\/page"}],"author":[{"embeddable":true,"href":"https:\/\/porkkalanputki.fi\/web\/wp-json\/wp\/v2\/users\/1"}],"replies":[{"embeddable":true,"href":"https:\/\/porkkalanputki.fi\/web\/wp-json\/wp\/v2\/comments?post=174"}],"version-history":[{"count":7,"href":"https:\/\/porkkalanputki.fi\/web\/wp-json\/wp\/v2\/pages\/174\/revisions"}],"predecessor-version":[{"id":353,"href":"https:\/\/porkkalanputki.fi\/web\/wp-json\/wp\/v2\/pages\/174\/revisions\/353"}],"wp:attachment":[{"href":"https:\/\/porkkalanputki.fi\/web\/wp-json\/wp\/v2\/media?parent=174"}],"curies":[{"name":"wp","href":"https:\/\/api.w.org\/{rel}","templated":true}]}}